{"id":1104,"date":"2020-07-01T08:55:59","date_gmt":"2020-07-01T08:55:59","guid":{"rendered":"http:\/\/www.stojanovic-hydro.com\/?page_id=1104"},"modified":"2020-07-01T10:51:40","modified_gmt":"2020-07-01T10:51:40","slug":"he-buk-bijela","status":"publish","type":"page","link":"http:\/\/www.stojanovic-hydro.com\/sr\/he-buk-bijela\/","title":{"rendered":"HE Buk Bijela"},"content":{"rendered":"\n<p><strong>Lokacija brane i HE<\/strong> Brana i HE \u201eBuk Bijela\u201c planirane su na reci Drini, na staciona\u017ei km 334+550, pribli\u017eno 11,6 km uzvodno od Fo\u010de i pribli\u017eno 11,5 km nizvodno od u\u0161\u0107a Pive i Tare u \u0160\u0107epan Polju (na granici izme\u0111u Crne Gore i BIH &#8211; Republike Srpske). Lokacija pripada op\u0161tini Mje\u0161aji, a najbli\u017ei grad je Fo\u010da.<\/p>\n\n\n\n<div class=\"wp-block-image\"><figure class=\"aligncenter size-large is-resized\"><img loading=\"lazy\" decoding=\"async\" src=\"http:\/\/www.stojanovic-hydro.com\/wp-content\/uploads\/2020\/07\/HE-Buk-Bijela-niska-1.jpg\" alt=\"\" class=\"wp-image-1151\" width=\"584\" height=\"534\" srcset=\"http:\/\/www.stojanovic-hydro.com\/wp-content\/uploads\/2020\/07\/HE-Buk-Bijela-niska-1.jpg 341w, http:\/\/www.stojanovic-hydro.com\/wp-content\/uploads\/2020\/07\/HE-Buk-Bijela-niska-1-300x274.jpg 300w, http:\/\/www.stojanovic-hydro.com\/wp-content\/uploads\/2020\/07\/HE-Buk-Bijela-niska-1-160x146.jpg 160w, http:\/\/www.stojanovic-hydro.com\/wp-content\/uploads\/2020\/07\/HE-Buk-Bijela-niska-1-50x46.jpg 50w, http:\/\/www.stojanovic-hydro.com\/wp-content\/uploads\/2020\/07\/HE-Buk-Bijela-niska-1-82x75.jpg 82w\" sizes=\"auto, (max-width: 584px) 100vw, 584px\" \/><figcaption>Wide location area<\/figcaption><\/figure><\/div>\n\n\n\n<div class=\"wp-block-image\"><figure class=\"aligncenter size-large is-resized\"><img loading=\"lazy\" decoding=\"async\" src=\"http:\/\/www.stojanovic-hydro.com\/wp-content\/uploads\/2020\/07\/HE-Buk-Bijela-niska-2.jpg\" alt=\"\" class=\"wp-image-1153\" width=\"586\" height=\"640\" srcset=\"http:\/\/www.stojanovic-hydro.com\/wp-content\/uploads\/2020\/07\/HE-Buk-Bijela-niska-2.jpg 339w, http:\/\/www.stojanovic-hydro.com\/wp-content\/uploads\/2020\/07\/HE-Buk-Bijela-niska-2-275x300.jpg 275w, http:\/\/www.stojanovic-hydro.com\/wp-content\/uploads\/2020\/07\/HE-Buk-Bijela-niska-2-134x146.jpg 134w, http:\/\/www.stojanovic-hydro.com\/wp-content\/uploads\/2020\/07\/HE-Buk-Bijela-niska-2-46x50.jpg 46w, http:\/\/www.stojanovic-hydro.com\/wp-content\/uploads\/2020\/07\/HE-Buk-Bijela-niska-2-69x75.jpg 69w\" sizes=\"auto, (max-width: 586px) 100vw, 586px\" \/><figcaption>Narrow location area<\/figcaption><\/figure><\/div>\n\n\n\n<div class=\"wp-block-image\"><figure class=\"aligncenter size-large\"><img loading=\"lazy\" decoding=\"async\" width=\"1024\" height=\"603\" src=\"http:\/\/www.stojanovic-hydro.com\/wp-content\/uploads\/2020\/07\/HE-Buk-Bijela-niska-3-1024x603.jpg\" alt=\"\" class=\"wp-image-1155\" srcset=\"http:\/\/www.stojanovic-hydro.com\/wp-content\/uploads\/2020\/07\/HE-Buk-Bijela-niska-3-1024x603.jpg 1024w, http:\/\/www.stojanovic-hydro.com\/wp-content\/uploads\/2020\/07\/HE-Buk-Bijela-niska-3-300x177.jpg 300w, http:\/\/www.stojanovic-hydro.com\/wp-content\/uploads\/2020\/07\/HE-Buk-Bijela-niska-3-768x452.jpg 768w, http:\/\/www.stojanovic-hydro.com\/wp-content\/uploads\/2020\/07\/HE-Buk-Bijela-niska-3-248x146.jpg 248w, http:\/\/www.stojanovic-hydro.com\/wp-content\/uploads\/2020\/07\/HE-Buk-Bijela-niska-3-50x29.jpg 50w, http:\/\/www.stojanovic-hydro.com\/wp-content\/uploads\/2020\/07\/HE-Buk-Bijela-niska-3-127x75.jpg 127w, http:\/\/www.stojanovic-hydro.com\/wp-content\/uploads\/2020\/07\/HE-Buk-Bijela-niska-3.jpg 1085w\" sizes=\"auto, (max-width: 767px) 89vw, (max-width: 1000px) 54vw, (max-width: 1071px) 543px, 580px\" \/><figcaption>Satellite image of HPP location<\/figcaption><\/figure><\/div>\n\n\n\n<p><strong>Hidrolo\u0161ka svojstva profila<\/strong><\/p>\n\n\n\n<p>Osnovna hidrolo\u0161ka svojstva profila (kako su data u originalnoj tehni\u010dkoj dokumentaciji) su:<\/p>\n\n\n\n<ul class=\"wp-block-list\"><li>povr\u0161ina slina: 4.158,3 km<sup>2<\/sup>,<\/li><li>srednji protok: 162,37 m<sup>3<\/sup>\/s,<\/li><li>ekolo\u0161ki proticaj: 24,4 m<sup>3<\/sup>\/s (minimalni srednje-mese\u010dni proticaj sa 95%-nom obezbe\u0111eno\u0161\u0107u),<\/li><li>velika voda merodavna za projektovanje preliva: 3.790 m<sup>3<\/sup>\/s (Q<sub>0,1<\/sub>, jedna ustava zatvorena).<\/li><\/ul>\n\n\n\n<p><strong>Svojstva brane<\/strong><\/p>\n\n\n\n<p>Visina brane \u201eBuk Bijela\u201c izabrana je iz uslova da akumulacija ne sme da poremeti prirodan re\u017eim toka na profilu \u201e\u0160\u0107epan Polje\u201c u uslovima srednjeg vi\u0161egodi\u0161njeg protoka Tare (70 m<sup>3<\/sup>\/s) i pri instalisanom protoku HE \u201ePiva\u201c (240 m<sup>3<\/sup>\/s).<\/p>\n\n\n\n<p>Osnovna svojstva brane su:<\/p>\n\n\n\n<ul class=\"wp-block-list\"><li>tip brane: betonska, gravitaciona,<\/li><li>visina brane: 36 m (najve\u0107a gra\u0111evinska visina 57,80 m),<\/li><li>ukupna du\u017eina du\u017e krune: 197,3 m,<\/li><li>najve\u0107a \u0161irina brane u kruni: 15,5 m,<\/li><li>objekti za pra\u017enjenje akumulacije: dva preliva sa ustavama i jedan temeljni ispust i<\/li><li>ukupni kapacitet pra\u017enjenja: 3.790 m<sup>3<\/sup>\/s.<\/li><\/ul>\n\n\n\n<p><strong>Svojstva akumulacije<\/strong><\/p>\n\n\n\n<p>Osnovna svojstva akumulacije su:<\/p>\n\n\n\n<ul class=\"wp-block-list\"><li>kota normalnog uspora: 434,0 mnm,<\/li><li>maksimalni radni nivo vode: 434,0 mnm,<\/li><li>minimalni radni nivo vode: 420,5 mnm,<\/li><li>ukupna zapremina: 15,7 miliona m<sup>3<\/sup>,<\/li><li>korisna zapremina: 11 miliona m<sup>3<\/sup>,<\/li><li>mrtva zapremina: 4,7 miliona m<sup>3<\/sup>,<\/li><li>odnos korisne zapremine i srednjeg godi\u0161njeg dotoka: 0,002,<\/li><li>ukupna du\u017eina: 11,5 km,<\/li><li>najve\u0107a \u0161irina: pribli\u017eno 135 m,<\/li><li>povr\u0161ina: 123,3 ha i<\/li><li>najve\u0107a dubina: pribli\u017eno 34 m.<\/li><\/ul>\n\n\n\n<p><strong>Svojstva dovoda<\/strong><\/p>\n\n\n\n<p>Postrojenje je pribranskog tipa.<\/p>\n\n\n\n<p><strong>Svojstva HE\/ma\u0161inske zgrade<\/strong><\/p>\n\n\n\n<p>Osnovna svojstva HE\/ma\u0161inske zgrade su:<\/p>\n\n\n\n<ul class=\"wp-block-list\"><li>tip postrojenja: pribransko,<\/li><li>tip agregata: Kaplan sa vertikalnim vratilom,<\/li><li>broj agregata: 2 +1,<\/li><li>instalisani protok: 2 x 150 + 50 = 350 m<sup>3<\/sup>\/s,<\/li><li>nivo donje vode: 403 mnm,<\/li><li>bruto pad: 31,0 m,<\/li><li>nominalni neto pad: 29 m,<\/li><li>instalisana snaga (aktivna): 2 x 40,1 + 13,3 = 93,5 MW,<\/li><li>instalisana snaga (prividna): 2 x 45 + 15 = 105 MVA,<\/li><li>srednja godi\u0161nja proizvodnja elektri\u010dne energije: 332,34 GWh i<\/li><li>naponski nivo za priklju\u010denje: 110 kV, 400 kV.<\/li><\/ul>\n\n\n\n<p><strong>Izvor: IWRM Country Report for B&amp;H, COWI, Stucky and Jaroslav Cerni Water Institute, 2017<\/strong><\/p>\n","protected":false},"excerpt":{"rendered":"<p>Lokacija brane i HE Brana i HE \u201eBuk Bijela\u201c planirane su na reci Drini, na staciona\u017ei km 334+550, pribli\u017eno 11,6 km uzvodno od Fo\u010de i pribli\u017eno 11,5 km nizvodno od u\u0161\u0107a Pive i Tare u \u0160\u0107epan Polju (na granici izme\u0111u Crne Gore i BIH &#8211; Republike Srpske). Lokacija pripada op\u0161tini Mje\u0161aji, a najbli\u017ei grad je &hellip; <\/p>\n<p class=\"link-more\"><a href=\"http:\/\/www.stojanovic-hydro.com\/sr\/he-buk-bijela\/\" class=\"more-link\">\u041d\u0430\u0441\u0442\u0430\u0432\u0438 \u0441\u0430 \u0447\u0438\u0442\u0430\u045a\u0435\u043c<span class=\"screen-reader-text\"> &#8222;HE Buk Bijela&#8220;<\/span><\/a><\/p>\n","protected":false},"author":3,"featured_media":0,"parent":0,"menu_order":0,"comment_status":"closed","ping_status":"closed","template":"","meta":{"footnotes":""},"class_list":["post-1104","page","type-page","status-publish","hentry"],"_links":{"self":[{"href":"http:\/\/www.stojanovic-hydro.com\/sr\/wp-json\/wp\/v2\/pages\/1104","targetHints":{"allow":["GET"]}}],"collection":[{"href":"http:\/\/www.stojanovic-hydro.com\/sr\/wp-json\/wp\/v2\/pages"}],"about":[{"href":"http:\/\/www.stojanovic-hydro.com\/sr\/wp-json\/wp\/v2\/types\/page"}],"author":[{"embeddable":true,"href":"http:\/\/www.stojanovic-hydro.com\/sr\/wp-json\/wp\/v2\/users\/3"}],"replies":[{"embeddable":true,"href":"http:\/\/www.stojanovic-hydro.com\/sr\/wp-json\/wp\/v2\/comments?post=1104"}],"version-history":[{"count":3,"href":"http:\/\/www.stojanovic-hydro.com\/sr\/wp-json\/wp\/v2\/pages\/1104\/revisions"}],"predecessor-version":[{"id":1207,"href":"http:\/\/www.stojanovic-hydro.com\/sr\/wp-json\/wp\/v2\/pages\/1104\/revisions\/1207"}],"wp:attachment":[{"href":"http:\/\/www.stojanovic-hydro.com\/sr\/wp-json\/wp\/v2\/media?parent=1104"}],"curies":[{"name":"wp","href":"https:\/\/api.w.org\/{rel}","templated":true}]}}