{"id":1112,"date":"2020-07-01T08:57:32","date_gmt":"2020-07-01T08:57:32","guid":{"rendered":"http:\/\/www.stojanovic-hydro.com\/?page_id=1112"},"modified":"2020-07-01T10:57:10","modified_gmt":"2020-07-01T10:57:10","slug":"he-foca","status":"publish","type":"page","link":"http:\/\/www.stojanovic-hydro.com\/sr\/he-foca\/","title":{"rendered":"HE Fo\u010da"},"content":{"rendered":"\n<p><strong>Lokacija brane i HE<\/strong> Brana i HE \u201eFo\u010da\u201cplanirane su na reci Drini, na staciona\u017ei km 324+678, pribli\u017eno 10 km nizvodno od planirane HE \u201eBuk Bijela\u201c i pribli\u017eno 1,6 km uzvodno od novog mosta u gradu. Lokacija pripada op\u0161tini Fo\u010da, a najbli\u017ei grad je Fo\u010da.<\/p>\n\n\n\n<div class=\"wp-block-image\"><figure class=\"aligncenter size-large\"><img loading=\"lazy\" decoding=\"async\" width=\"870\" height=\"554\" src=\"http:\/\/www.stojanovic-hydro.com\/wp-content\/uploads\/2020\/07\/HE-Foca-1.jpg\" alt=\"\" class=\"wp-image-1158\" srcset=\"http:\/\/www.stojanovic-hydro.com\/wp-content\/uploads\/2020\/07\/HE-Foca-1.jpg 870w, http:\/\/www.stojanovic-hydro.com\/wp-content\/uploads\/2020\/07\/HE-Foca-1-300x191.jpg 300w, http:\/\/www.stojanovic-hydro.com\/wp-content\/uploads\/2020\/07\/HE-Foca-1-768x489.jpg 768w, http:\/\/www.stojanovic-hydro.com\/wp-content\/uploads\/2020\/07\/HE-Foca-1-229x146.jpg 229w, http:\/\/www.stojanovic-hydro.com\/wp-content\/uploads\/2020\/07\/HE-Foca-1-50x32.jpg 50w, http:\/\/www.stojanovic-hydro.com\/wp-content\/uploads\/2020\/07\/HE-Foca-1-118x75.jpg 118w\" sizes=\"auto, (max-width: 767px) 89vw, (max-width: 1000px) 54vw, (max-width: 1071px) 543px, 580px\" \/><figcaption>\u0160ira okolina lokacije<\/figcaption><\/figure><\/div>\n\n\n\n<div class=\"wp-block-image\"><figure class=\"aligncenter size-large\"><img loading=\"lazy\" decoding=\"async\" width=\"743\" height=\"646\" src=\"http:\/\/www.stojanovic-hydro.com\/wp-content\/uploads\/2020\/07\/HE-Foca-2.jpg\" alt=\"\" class=\"wp-image-1160\" srcset=\"http:\/\/www.stojanovic-hydro.com\/wp-content\/uploads\/2020\/07\/HE-Foca-2.jpg 743w, http:\/\/www.stojanovic-hydro.com\/wp-content\/uploads\/2020\/07\/HE-Foca-2-300x261.jpg 300w, http:\/\/www.stojanovic-hydro.com\/wp-content\/uploads\/2020\/07\/HE-Foca-2-168x146.jpg 168w, http:\/\/www.stojanovic-hydro.com\/wp-content\/uploads\/2020\/07\/HE-Foca-2-50x43.jpg 50w, http:\/\/www.stojanovic-hydro.com\/wp-content\/uploads\/2020\/07\/HE-Foca-2-86x75.jpg 86w\" sizes=\"auto, (max-width: 706px) 89vw, (max-width: 767px) 82vw, 740px\" \/><figcaption>U\u017ea okolina lokacije<\/figcaption><\/figure><\/div>\n\n\n\n<figure class=\"wp-block-image size-large\"><img loading=\"lazy\" decoding=\"async\" width=\"1024\" height=\"587\" src=\"http:\/\/www.stojanovic-hydro.com\/wp-content\/uploads\/2020\/07\/HE-Foca-3-1024x587.jpg\" alt=\"\" class=\"wp-image-1162\" srcset=\"http:\/\/www.stojanovic-hydro.com\/wp-content\/uploads\/2020\/07\/HE-Foca-3-1024x587.jpg 1024w, http:\/\/www.stojanovic-hydro.com\/wp-content\/uploads\/2020\/07\/HE-Foca-3-300x172.jpg 300w, http:\/\/www.stojanovic-hydro.com\/wp-content\/uploads\/2020\/07\/HE-Foca-3-768x441.jpg 768w, http:\/\/www.stojanovic-hydro.com\/wp-content\/uploads\/2020\/07\/HE-Foca-3-254x146.jpg 254w, http:\/\/www.stojanovic-hydro.com\/wp-content\/uploads\/2020\/07\/HE-Foca-3-50x29.jpg 50w, http:\/\/www.stojanovic-hydro.com\/wp-content\/uploads\/2020\/07\/HE-Foca-3-131x75.jpg 131w, http:\/\/www.stojanovic-hydro.com\/wp-content\/uploads\/2020\/07\/HE-Foca-3.jpg 1133w\" sizes=\"auto, (max-width: 767px) 89vw, (max-width: 1000px) 54vw, (max-width: 1071px) 543px, 580px\" \/><figcaption>Satelitski prikaz lokacije HE<\/figcaption><\/figure>\n\n\n\n<p><strong>Hidrolo\u0161ka svojstva profila<\/strong><\/p>\n\n\n\n<p>Osnovna hidrolo\u0161ka svojstva profila (kako su data u originalnoj tehni\u010dkoj dokumentaciji) su:<\/p>\n\n\n\n<ul class=\"wp-block-list\"><li>povr\u0161ina sliva: 4.691,8 km<sup>2<\/sup>,<\/li><li>srednji proticaj: 178 m<sup>3<\/sup>\/s,<\/li><li>ekolo\u0161ki prihvatljiv protok: 27 m<sup>3<\/sup>\/s (minimalni mese\u010dni protok sa obezbe\u0111eno\u0161\u0107u 95%) i<\/li><li>velika voda merodavna za projektovanje preliva: 5.600 m<sup>3<\/sup>\/s (Q<sub>0,1<\/sub>).<\/li><\/ul>\n\n\n\n<p><strong>Svojstva brane<\/strong><\/p>\n\n\n\n<p>Osnovna svojstva brane su:<\/p>\n\n\n\n<ul class=\"wp-block-list\"><li>tip: gravitaciona, betonska,<\/li><li>visina: 43.4 m (gra\u0111evinska visina), 21 m (iznad korita reke),<\/li><li>du\u017eina u kruni: 208,4 m,<\/li><li>\u0161irina u kruni: 13,1 m,<\/li><li>objekti za pra\u017enjenje akumulacije: preliv sa ustavama, 4 polja i<\/li><li>ukupni kapacitet pra\u017enjenja: 5.600 m<sup>3<\/sup>\/s.<\/li><\/ul>\n\n\n\n<p><strong>Svojstva akumulacije<\/strong><\/p>\n\n\n\n<p>Osnovna svojstva akumulacije su:<\/p>\n\n\n\n<ul class=\"wp-block-list\"><li>kota normalnog uspora: 403 mnm,<\/li><li>maksimalni radni nivo vode: 404,2 mnm,<\/li><li>minimalni radni nivo vode: 396,0 mnm,<\/li><li>ukupna zapremina: 6,7 miliona m<sup>3<\/sup>,<\/li><li>korisna zapremina: 4,6 miliona m<sup>3<\/sup>,<\/li><li>mrtva zapremina: 2,1 miliona m<sup>3<\/sup>,<\/li><li>odnos korisne zapremine i srednjeg godi\u0161njeg dotoka: 0,001,<\/li><li>du\u017eina: 10 km,<\/li><li>\u0161irina: pribli\u017eno 170 m i<\/li><li>povr\u0161ina: 0,905 km<sup>2<\/sup> (pri koti normalnog uspora).<\/li><\/ul>\n\n\n\n<p><strong>Svojstva dovoda<\/strong><\/p>\n\n\n\n<p>Postrojenje je pribranskog tipa.<\/p>\n\n\n\n<p><strong>Svojstva HE\/ma\u0161inske zgrade<\/strong><\/p>\n\n\n\n<p>Osnovna svojstva HE\/ma\u0161inske zgrade su:<\/p>\n\n\n\n<ul class=\"wp-block-list\"><li>tip postrojenja: pribransko,<\/li><li>tip agregata: 2 x kapsulni + 1 x \u201eS\u201c-tipa,<\/li><li>broj agregata: 2 + 1,<\/li><li>instalisani protok: 2 x 150 + 50 = 350 m<sup>3<\/sup>\/s,<\/li><li>nivo donje vode: 387,8 m (ve\u0107i agregati), 386,8 (manji agregat),<\/li><li>bruto pad: 15,2 m (ve\u0107i agregati), 16,2 (manji agregat),<\/li><li>gubitak pada: 1,5 m (ve\u0107i agregati), 2,5 m (manji agregat),<\/li><li>neto pad: 13,7 m,<\/li><li>instalisana snaga (aktivna): 2 x 19,3 + 1 x 6,2 = 44,8 MW,<\/li><li>instalisana snaga (prividna): 50 kVA,<\/li><li>srednja godi\u0161nja proizvodnja elektri\u010dne energije: 175,87 GWh i<\/li><li>naponski nivo za priklju\u010denje: 110 kV.<\/li><\/ul>\n\n\n\n<p><strong>Izvor: IWRM Country Report for B&amp;H, COWI, Stucky and Jaroslav Cerni Water Institute, 2017<\/strong><\/p>\n","protected":false},"excerpt":{"rendered":"<p>Lokacija brane i HE Brana i HE \u201eFo\u010da\u201cplanirane su na reci Drini, na staciona\u017ei km 324+678, pribli\u017eno 10 km nizvodno od planirane HE \u201eBuk Bijela\u201c i pribli\u017eno 1,6 km uzvodno od novog mosta u gradu. Lokacija pripada op\u0161tini Fo\u010da, a najbli\u017ei grad je Fo\u010da. Hidrolo\u0161ka svojstva profila Osnovna hidrolo\u0161ka svojstva profila (kako su data u &hellip; <\/p>\n<p class=\"link-more\"><a href=\"http:\/\/www.stojanovic-hydro.com\/sr\/he-foca\/\" class=\"more-link\">\u041d\u0430\u0441\u0442\u0430\u0432\u0438 \u0441\u0430 \u0447\u0438\u0442\u0430\u045a\u0435\u043c<span class=\"screen-reader-text\"> &#8222;HE Fo\u010da&#8220;<\/span><\/a><\/p>\n","protected":false},"author":3,"featured_media":0,"parent":0,"menu_order":0,"comment_status":"closed","ping_status":"closed","template":"","meta":{"footnotes":""},"class_list":["post-1112","page","type-page","status-publish","hentry"],"_links":{"self":[{"href":"http:\/\/www.stojanovic-hydro.com\/sr\/wp-json\/wp\/v2\/pages\/1112","targetHints":{"allow":["GET"]}}],"collection":[{"href":"http:\/\/www.stojanovic-hydro.com\/sr\/wp-json\/wp\/v2\/pages"}],"about":[{"href":"http:\/\/www.stojanovic-hydro.com\/sr\/wp-json\/wp\/v2\/types\/page"}],"author":[{"embeddable":true,"href":"http:\/\/www.stojanovic-hydro.com\/sr\/wp-json\/wp\/v2\/users\/3"}],"replies":[{"embeddable":true,"href":"http:\/\/www.stojanovic-hydro.com\/sr\/wp-json\/wp\/v2\/comments?post=1112"}],"version-history":[{"count":3,"href":"http:\/\/www.stojanovic-hydro.com\/sr\/wp-json\/wp\/v2\/pages\/1112\/revisions"}],"predecessor-version":[{"id":1217,"href":"http:\/\/www.stojanovic-hydro.com\/sr\/wp-json\/wp\/v2\/pages\/1112\/revisions\/1217"}],"wp:attachment":[{"href":"http:\/\/www.stojanovic-hydro.com\/sr\/wp-json\/wp\/v2\/media?parent=1112"}],"curies":[{"name":"wp","href":"https:\/\/api.w.org\/{rel}","templated":true}]}}