{"id":1121,"date":"2020-07-01T08:59:13","date_gmt":"2020-07-01T08:59:13","guid":{"rendered":"http:\/\/www.stojanovic-hydro.com\/?page_id=1121"},"modified":"2020-07-01T10:27:17","modified_gmt":"2020-07-01T10:27:17","slug":"he-paunci","status":"publish","type":"page","link":"http:\/\/www.stojanovic-hydro.com\/sr\/he-paunci\/","title":{"rendered":"HE Paunci"},"content":{"rendered":"\n<p><strong>Lokacija brane i HE<\/strong><\/p>\n\n\n\n<p>Brana i HE \u201ePaunci\u201c planirane su u gornjem delu toka reke Drine, na staciona\u017ei km 314+593, izme\u0111u planirane uzvodne HE \u201eFo\u010da\u201c i planirane nizvodne HE \u201eUstikolina\u201c. Lokacija pripada op\u0161tini Paunci, a najbli\u017ei grad je Fo\u010da.<\/p>\n\n\n\n<div class=\"wp-block-image\"><figure class=\"aligncenter size-large\"><img loading=\"lazy\" decoding=\"async\" width=\"850\" height=\"644\" src=\"http:\/\/www.stojanovic-hydro.com\/wp-content\/uploads\/2020\/07\/HE-Paunci-1.jpg\" alt=\"\" class=\"wp-image-1165\" srcset=\"http:\/\/www.stojanovic-hydro.com\/wp-content\/uploads\/2020\/07\/HE-Paunci-1.jpg 850w, http:\/\/www.stojanovic-hydro.com\/wp-content\/uploads\/2020\/07\/HE-Paunci-1-300x227.jpg 300w, http:\/\/www.stojanovic-hydro.com\/wp-content\/uploads\/2020\/07\/HE-Paunci-1-768x582.jpg 768w, http:\/\/www.stojanovic-hydro.com\/wp-content\/uploads\/2020\/07\/HE-Paunci-1-193x146.jpg 193w, http:\/\/www.stojanovic-hydro.com\/wp-content\/uploads\/2020\/07\/HE-Paunci-1-50x38.jpg 50w, http:\/\/www.stojanovic-hydro.com\/wp-content\/uploads\/2020\/07\/HE-Paunci-1-99x75.jpg 99w\" sizes=\"auto, (max-width: 767px) 89vw, (max-width: 1000px) 54vw, (max-width: 1071px) 543px, 580px\" \/><figcaption>\u0160ira okolina lokacije<\/figcaption><\/figure><\/div>\n\n\n\n<div class=\"wp-block-image\"><figure class=\"aligncenter size-large\"><img loading=\"lazy\" decoding=\"async\" width=\"876\" height=\"730\" src=\"http:\/\/www.stojanovic-hydro.com\/wp-content\/uploads\/2020\/07\/HE-Paunci-2.jpg\" alt=\"\" class=\"wp-image-1167\" srcset=\"http:\/\/www.stojanovic-hydro.com\/wp-content\/uploads\/2020\/07\/HE-Paunci-2.jpg 876w, http:\/\/www.stojanovic-hydro.com\/wp-content\/uploads\/2020\/07\/HE-Paunci-2-300x250.jpg 300w, http:\/\/www.stojanovic-hydro.com\/wp-content\/uploads\/2020\/07\/HE-Paunci-2-768x640.jpg 768w, http:\/\/www.stojanovic-hydro.com\/wp-content\/uploads\/2020\/07\/HE-Paunci-2-175x146.jpg 175w, http:\/\/www.stojanovic-hydro.com\/wp-content\/uploads\/2020\/07\/HE-Paunci-2-50x42.jpg 50w, http:\/\/www.stojanovic-hydro.com\/wp-content\/uploads\/2020\/07\/HE-Paunci-2-90x75.jpg 90w\" sizes=\"auto, (max-width: 767px) 89vw, (max-width: 1000px) 54vw, (max-width: 1071px) 543px, 580px\" \/><figcaption>U\u017ea okolina lokacije<\/figcaption><\/figure><\/div>\n\n\n\n<figure class=\"wp-block-image size-large\"><img loading=\"lazy\" decoding=\"async\" width=\"1024\" height=\"616\" src=\"http:\/\/www.stojanovic-hydro.com\/wp-content\/uploads\/2020\/07\/HE-Paunci-3-1024x616.jpg\" alt=\"\" class=\"wp-image-1169\" srcset=\"http:\/\/www.stojanovic-hydro.com\/wp-content\/uploads\/2020\/07\/HE-Paunci-3-1024x616.jpg 1024w, http:\/\/www.stojanovic-hydro.com\/wp-content\/uploads\/2020\/07\/HE-Paunci-3-300x180.jpg 300w, http:\/\/www.stojanovic-hydro.com\/wp-content\/uploads\/2020\/07\/HE-Paunci-3-768x462.jpg 768w, http:\/\/www.stojanovic-hydro.com\/wp-content\/uploads\/2020\/07\/HE-Paunci-3-243x146.jpg 243w, http:\/\/www.stojanovic-hydro.com\/wp-content\/uploads\/2020\/07\/HE-Paunci-3-50x30.jpg 50w, http:\/\/www.stojanovic-hydro.com\/wp-content\/uploads\/2020\/07\/HE-Paunci-3-125x75.jpg 125w, http:\/\/www.stojanovic-hydro.com\/wp-content\/uploads\/2020\/07\/HE-Paunci-3.jpg 1054w\" sizes=\"auto, (max-width: 767px) 89vw, (max-width: 1000px) 54vw, (max-width: 1071px) 543px, 580px\" \/><figcaption>Satelitski prikaz lokacije HE<\/figcaption><\/figure>\n\n\n\n<p><strong>Hidrolo\u0161ka svojstva profila<\/strong><\/p>\n\n\n\n<p>Osnovna hidrolo\u0161ka svojstva profila (kako su data u originalnoj tehni\u010dkoj dokumentaciji) su:<\/p>\n\n\n\n<ul class=\"wp-block-list\"><li>srednji proticaj:&nbsp; 201.43 m<sup>3<\/sup>\/s,<\/li><li>ekolo\u0161ki prihvatljiv protok: 30,2 m<sup>3<\/sup>\/s (Q<sub>95%<\/sub>) i<\/li><li>velika voda merodavna za projektovanje preliva: 5.079 m<sup>3<\/sup>\/s (Q<sub>0,1<\/sub>, interval poverenja 95%).<\/li><\/ul>\n\n\n\n<p><strong>Svojstva brane<\/strong><\/p>\n\n\n\n<p>Osnovna svojstva brane su:<\/p>\n\n\n\n<ul class=\"wp-block-list\"><li>tip: gravitaciona, betonska,<\/li><li>kota krune:&nbsp; 387 mnm,<\/li><li>visina: 32,0 m (gra\u0111evinska visina),<\/li><li>ukupna du\u017eina u kruni: 232,40 m (pribli\u017ena),<\/li><li>\u0161irina u kruni: 8,00 m,<\/li><li>objekti za pra\u017enjenje akumulacije: preliv sa ustavama i<\/li><li>ukupni kapacitet pra\u017enjenja: 5.079 m<sup>3<\/sup>\/s.<\/li><\/ul>\n\n\n\n<p><strong>Svojstva akumulacije<\/strong><\/p>\n\n\n\n<p>Osnovna svojstva akumulacije su:<\/p>\n\n\n\n<ul class=\"wp-block-list\"><li>kota normalnog uspora: 384 mnm,<\/li><li>maksimalni radni nivo vode:&nbsp; 386,0 mnm,<\/li><li>minimalni radni nivo vode:&nbsp; 381,5 mnm,<\/li><li>ukupna zapremina:&nbsp; 5,00 miliona m<sup>3<\/sup>,<\/li><li>korisna zapremina:&nbsp; 2,50 miliona m<sup>3<\/sup>,<\/li><li>mrtva zapremina:&nbsp; 2,50 miliona m<sup>3 <\/sup>i<\/li><li>ukupna du\u017eina: pribli\u017eno7,7 km.<\/li><\/ul>\n\n\n\n<p><strong>Svojstva dovoda<\/strong><\/p>\n\n\n\n<p>Postrojenje je pribranskog tipa.<\/p>\n\n\n\n<p><strong>Svojstva HE\/ma\u0161inske zgrade<\/strong><\/p>\n\n\n\n<p>Osnovna svojstva HE\/ma\u0161inske zgrade su:<\/p>\n\n\n\n<ul class=\"wp-block-list\"><li>tip postrojenja: pribransko, proto\u010dno,<\/li><li>tip agregata: kapsulni (Kaplan),<\/li><li>broj agregata: 3,<\/li><li>instalisani protok: 2 x 200 + 50 = 450 m<sup>3<\/sup>\/s,<\/li><li>nivo donje vode: 372,50 mnm,<\/li><li>bruto pad:&nbsp; 11,50 m,<\/li><li>gubitak pada:&nbsp; 0,50 m,<\/li><li>neto pad:&nbsp; 11,00 m,<\/li><li>instalisana snaga:&nbsp; 43,21 MW i<\/li><li>srednja godi\u0161nja proizvodnja elektri\u010dne energije:&nbsp; 166,90 GWh.<\/li><\/ul>\n\n\n\n<p>Najmanji agregat treba da koristi ekolo\u0161ki prihvatljiv protok.<\/p>\n\n\n\n<p><strong>Izvor: IWRM Country Report for B&amp;H, COWI, Stucky and Jaroslav Cerni Water Institute, 2017<\/strong><\/p>\n\n\n\n<p><\/p>\n","protected":false},"excerpt":{"rendered":"<p>Lokacija brane i HE Brana i HE \u201ePaunci\u201c planirane su u gornjem delu toka reke Drine, na staciona\u017ei km 314+593, izme\u0111u planirane uzvodne HE \u201eFo\u010da\u201c i planirane nizvodne HE \u201eUstikolina\u201c. Lokacija pripada op\u0161tini Paunci, a najbli\u017ei grad je Fo\u010da. Hidrolo\u0161ka svojstva profila Osnovna hidrolo\u0161ka svojstva profila (kako su data u originalnoj tehni\u010dkoj dokumentaciji) su: srednji &hellip; <\/p>\n<p class=\"link-more\"><a href=\"http:\/\/www.stojanovic-hydro.com\/sr\/he-paunci\/\" class=\"more-link\">\u041d\u0430\u0441\u0442\u0430\u0432\u0438 \u0441\u0430 \u0447\u0438\u0442\u0430\u045a\u0435\u043c<span class=\"screen-reader-text\"> &#8222;HE Paunci&#8220;<\/span><\/a><\/p>\n","protected":false},"author":3,"featured_media":0,"parent":0,"menu_order":0,"comment_status":"closed","ping_status":"closed","template":"","meta":{"footnotes":""},"class_list":["post-1121","page","type-page","status-publish","hentry"],"_links":{"self":[{"href":"http:\/\/www.stojanovic-hydro.com\/sr\/wp-json\/wp\/v2\/pages\/1121","targetHints":{"allow":["GET"]}}],"collection":[{"href":"http:\/\/www.stojanovic-hydro.com\/sr\/wp-json\/wp\/v2\/pages"}],"about":[{"href":"http:\/\/www.stojanovic-hydro.com\/sr\/wp-json\/wp\/v2\/types\/page"}],"author":[{"embeddable":true,"href":"http:\/\/www.stojanovic-hydro.com\/sr\/wp-json\/wp\/v2\/users\/3"}],"replies":[{"embeddable":true,"href":"http:\/\/www.stojanovic-hydro.com\/sr\/wp-json\/wp\/v2\/comments?post=1121"}],"version-history":[{"count":2,"href":"http:\/\/www.stojanovic-hydro.com\/sr\/wp-json\/wp\/v2\/pages\/1121\/revisions"}],"predecessor-version":[{"id":1171,"href":"http:\/\/www.stojanovic-hydro.com\/sr\/wp-json\/wp\/v2\/pages\/1121\/revisions\/1171"}],"wp:attachment":[{"href":"http:\/\/www.stojanovic-hydro.com\/sr\/wp-json\/wp\/v2\/media?parent=1121"}],"curies":[{"name":"wp","href":"https:\/\/api.w.org\/{rel}","templated":true}]}}