{"id":1288,"date":"2020-07-03T14:27:16","date_gmt":"2020-07-03T12:27:16","guid":{"rendered":"http:\/\/www.stojanovic-hydro.com\/?page_id=1288"},"modified":"2020-07-03T14:27:19","modified_gmt":"2020-07-03T12:27:19","slug":"he-vrla-ii","status":"publish","type":"page","link":"http:\/\/www.stojanovic-hydro.com\/sr\/he-vrla-ii\/","title":{"rendered":"HE Vrla II"},"content":{"rendered":"\n<p>HE \u201eVrla II\u201c locirana je u koritu reke Vrle, a na ulivu reke Bitvr\u0111e, koja se kao i vode Gradskog potoka i reke Vrle uvodi u dovod ove elektrane. Prva sinhronizacija izvr\u0161ena je 1954. godine.<\/p>\n\n\n\n<p>Najva\u017enije karakteristike HE \u201eVrla II\u201c sa odgovaraju\u0107im objektima date su u nastavku:<\/p>\n\n\n\n<ul class=\"wp-block-list\"><li>Akumulacija<\/li><\/ul>\n\n\n\n<figure class=\"wp-block-table\"><table><tbody><tr><td>Ukupna zapremina<\/td><td>0,1 milion m<sup>3<\/sup><\/td><\/tr><\/tbody><\/table><\/figure>\n\n\n\n<ul class=\"wp-block-list\"><li>Dovod<\/li><\/ul>\n\n\n\n<figure class=\"wp-block-table\"><table><tbody><tr><td>Du\u017eina tunela<\/td><td>3.568 m<\/td><\/tr><\/tbody><\/table><\/figure>\n\n\n\n<ul class=\"wp-block-list\"><li>HE<\/li><\/ul>\n\n\n\n<figure class=\"wp-block-table\"><table><tbody><tr><td>Tip<\/td><td>akumulaciona<\/td><\/tr><tr><td>Maksimalni pad<\/td><td>153,9 m<\/td><\/tr><tr><td>Minimalni pad<\/td><td>136,7 m<\/td><\/tr><tr><td>Instalisani protok<\/td><td>18,5 m<sup>3<\/sup>\/s<\/td><\/tr><tr><td>Instalisana snaga<\/td><td>11,28 + 13,65 MW<\/td><\/tr><tr><td>Godi\u0161nja proizvodnja energije<\/td><td>51 GWh<\/td><\/tr><tr><td>Broj agregata<\/td><td>2<\/td><\/tr><tr><td>Tip turbine<\/td><td>Francis, vertical<\/td><\/tr><\/tbody><\/table><\/figure>\n\n\n\n<p>(Izvor: JP PS Web sajt)<\/p>\n","protected":false},"excerpt":{"rendered":"<p>HE \u201eVrla II\u201c locirana je u koritu reke Vrle, a na ulivu reke Bitvr\u0111e, koja se kao i vode Gradskog potoka i reke Vrle uvodi u dovod ove elektrane. Prva sinhronizacija izvr\u0161ena je 1954. godine. Najva\u017enije karakteristike HE \u201eVrla II\u201c sa odgovaraju\u0107im objektima date su u nastavku: Akumulacija Ukupna zapremina 0,1 milion m3 Dovod Du\u017eina &hellip; <\/p>\n<p class=\"link-more\"><a href=\"http:\/\/www.stojanovic-hydro.com\/sr\/he-vrla-ii\/\" class=\"more-link\">\u041d\u0430\u0441\u0442\u0430\u0432\u0438 \u0441\u0430 \u0447\u0438\u0442\u0430\u045a\u0435\u043c<span class=\"screen-reader-text\"> &#8222;HE Vrla II&#8220;<\/span><\/a><\/p>\n","protected":false},"author":3,"featured_media":0,"parent":0,"menu_order":0,"comment_status":"closed","ping_status":"closed","template":"","meta":{"footnotes":""},"class_list":["post-1288","page","type-page","status-publish","hentry"],"_links":{"self":[{"href":"http:\/\/www.stojanovic-hydro.com\/sr\/wp-json\/wp\/v2\/pages\/1288","targetHints":{"allow":["GET"]}}],"collection":[{"href":"http:\/\/www.stojanovic-hydro.com\/sr\/wp-json\/wp\/v2\/pages"}],"about":[{"href":"http:\/\/www.stojanovic-hydro.com\/sr\/wp-json\/wp\/v2\/types\/page"}],"author":[{"embeddable":true,"href":"http:\/\/www.stojanovic-hydro.com\/sr\/wp-json\/wp\/v2\/users\/3"}],"replies":[{"embeddable":true,"href":"http:\/\/www.stojanovic-hydro.com\/sr\/wp-json\/wp\/v2\/comments?post=1288"}],"version-history":[{"count":1,"href":"http:\/\/www.stojanovic-hydro.com\/sr\/wp-json\/wp\/v2\/pages\/1288\/revisions"}],"predecessor-version":[{"id":1289,"href":"http:\/\/www.stojanovic-hydro.com\/sr\/wp-json\/wp\/v2\/pages\/1288\/revisions\/1289"}],"wp:attachment":[{"href":"http:\/\/www.stojanovic-hydro.com\/sr\/wp-json\/wp\/v2\/media?parent=1288"}],"curies":[{"name":"wp","href":"https:\/\/api.w.org\/{rel}","templated":true}]}}