{"id":1308,"date":"2020-07-03T19:30:18","date_gmt":"2020-07-03T17:30:18","guid":{"rendered":"http:\/\/www.stojanovic-hydro.com\/?page_id=1308"},"modified":"2020-07-17T09:59:53","modified_gmt":"2020-07-17T07:59:53","slug":"male-he","status":"publish","type":"page","link":"http:\/\/www.stojanovic-hydro.com\/sr\/male-he\/","title":{"rendered":"Male HE"},"content":{"rendered":"\n<p>Ne postoji op\u0161teprihva\u0107ena granica snage koja razdvaja MHE i HE. Ovde \u0107e se malim HE smatrati one \u010dija je instalisana snaga manja od 10 MW.<\/p>\n\n\n\n<p><strong>Male HE u Republici Srbiji<\/strong><\/p>\n\n\n\n<figure class=\"wp-block-table\"><table><tbody><tr><td>Naziv<\/td><td>Vodotok<\/td><td>Instalisana snaga (MW)<\/td><\/tr><tr><td>Bare<\/td><td><\/td><td>1,162<\/td><\/tr><tr><td>Belci<\/td><td><\/td><td>1,220<\/td><\/tr><tr><td>Bovan<\/td><td><\/td><td>0,026<\/td><\/tr><tr><td>Bovan<\/td><td><\/td><td>0,250<\/td><\/tr><tr><td>Crkvine<\/td><td><\/td><td>0,960<\/td><\/tr><tr><td>Debela stena<\/td><td><\/td><td>0,033<\/td><\/tr><tr><td>Devi\u0107i<\/td><td><\/td><td>0,100<\/td><\/tr><tr><td>Donje Gare 1<\/td><td><\/td><td>0,990<\/td><\/tr><tr><td>Donje Gare 2<\/td><td><\/td><td>0,990<\/td><\/tr><tr><td>Donje Gare 3<\/td><td><\/td><td>0,500<\/td><\/tr><tr><td>\u0110or\u0111i\u0107<\/td><td><\/td><td>0,011<\/td><\/tr><tr><td>D\u017eep<\/td><td><\/td><td>0,890<\/td><\/tr><tr><td>Elektro Slavica<\/td><td><\/td><td>0,050<\/td><\/tr><tr><td>Gamzigrad<\/td><td>Crni Timok<\/td><td>0,220<\/td><\/tr><tr><td>Gornje Gare 1<\/td><td><\/td><td>0,993<\/td><\/tr><tr><td>Gornje Gare 2<\/td><td><\/td><td>0,993<\/td><\/tr><tr><td>Gradi\u0161te<\/td><td><\/td><td>0,700<\/td><\/tr><tr><td>Gramada<\/td><td><\/td><td>0,474<\/td><\/tr><tr><td>Gr\u010dki mlin<\/td><td><\/td><td>0,075<\/td><\/tr><tr><td>Hidroelektrana Jevti\u0107<\/td><td><\/td><td>0,095<\/td><\/tr><tr><td>Jabukovik<\/td><td><\/td><td>1,520<\/td><\/tr><tr><td>Jela\u0161nica<\/td><td>Jela\u0161nica<\/td><td>0,400<\/td><\/tr><tr><td>Kaludra<\/td><td><\/td><td>0,680<\/td><\/tr><tr><td>Klupci<\/td><td><\/td><td>0,044<\/td><\/tr><tr><td>Kratovska reka<\/td><td>Kratovska reka<\/td><td>1,400<\/td><\/tr><tr><td>Krsti\u0107i<\/td><td><\/td><td>0,700<\/td><\/tr><tr><td>Kur\u0161umlija<\/td><td><\/td><td>0,350<\/td><\/tr><tr><td>Liva\u0111e<\/td><td><\/td><td>0,450<\/td><\/tr><tr><td>Ljuti Do<\/td><td><\/td><td>0,630<\/td><\/tr><tr><td>Manastir Ra\u010da<\/td><td><\/td><td>0,060<\/td><\/tr><tr><td>Me\u0111uvr\u0161je<\/td><td><\/td><td>7,600<\/td><\/tr><tr><td>Mokra Gora<\/td><td><\/td><td>0,104<\/td><\/tr><tr><td>Moravica<\/td><td>Moravica<\/td><td>0,160<\/td><\/tr><tr><td>Munja<\/td><td><\/td><td>0,030<\/td><\/tr><tr><td>Ov\u010dar Banja<\/td><td><\/td><td>7,800<\/td><\/tr><tr><td>Pod gradom<\/td><td>\u0110etinja<\/td><td>0,300<\/td><\/tr><tr><td>Po\u0161tica<\/td><td><\/td><td>0,700<\/td><\/tr><tr><td>Prisoje<\/td><td><\/td><td>0,910<\/td><\/tr><tr><td>Pro\u010dovci I<\/td><td><\/td><td>0,820<\/td><\/tr><tr><td>Pro\u010dovci II<\/td><td><\/td><td>0,510<\/td><\/tr><tr><td>Prohor P\u010dinjski<\/td><td><\/td><td>0,250<\/td><\/tr><tr><td>Prvonek<\/td><td>Banjska reka<\/td><td>1,000<\/td><\/tr><tr><td>Radaljska banja<\/td><td><\/td><td>0,245<\/td><\/tr><tr><td>Radaljska reka<\/td><td>Radalj<\/td><td>0,250<\/td><\/tr><tr><td>Rado\u0161i\u0107ska reka<\/td><td><\/td><td>0,037<\/td><\/tr><tr><td>Ra\u0161ka<\/td><td>Ra\u0161ka<\/td><td>6,400<\/td><\/tr><tr><td>Re\u010dica<\/td><td><\/td><td>1,400<\/td><\/tr><tr><td>Selja\u0161nica<\/td><td>Selja\u0161nica<\/td><td>0,900<\/td><\/tr><tr><td>Si\u0107evo<\/td><td>Ni\u0161ava<\/td><td>1,350<\/td><\/tr><tr><td>Sokolovica<\/td><td>Timok<\/td><td>3,720<\/td><\/tr><tr><td>Studenica<\/td><td><\/td><td>0,094<\/td><\/tr><tr><td>Sveta Petka<\/td><td>Ni\u0161ava<\/td><td>0,600<\/td><\/tr><tr><td>Tego\u0161nica<\/td><td><\/td><td>0,640<\/td><\/tr><tr><td>Temac<\/td><td>Temska reka<\/td><td>0,780<\/td><\/tr><tr><td>Turica<\/td><td>\u0110etinja<\/td><td>0,320<\/td><\/tr><tr><td>Vele\u017e<\/td><td><\/td><td>0,520<\/td><\/tr><tr><td>Vodenica<\/td><td><\/td><td>0,150<\/td><\/tr><tr><td>Vrelo<\/td><td>Peru\u0107a\u0107ko vrelo<\/td><td>0,060<\/td><\/tr><tr><td>Vrutci<\/td><td><\/td><td>0,400<\/td><\/tr><tr><td>Vu\u010dje<\/td><td>Vu\u010djanska reka<\/td><td><\/td><\/tr><\/tbody><\/table><\/figure>\n\n\n\n<p>(Izvor: Registar povla\u0161\u0107enih proizvo\u0111a\u010da, Bela knjiga EPS-a)<\/p>\n\n\n\n<p><strong>Male HE u Crnoj Gori<\/strong><\/p>\n\n\n\n<figure class=\"wp-block-table\"><table><tbody><tr><td>Naziv<\/td><td>Vodotok<\/td><td>Instalisana snaga (MW)<\/td><\/tr><tr><td>Babino Polje<\/td><td><\/td><td>2,214<\/td><\/tr><tr><td>Bistrica<\/td><td><\/td><td>5,600<\/td><\/tr><tr><td>Bistrica Majstorovina<\/td><td><\/td><td>3,600<\/td><\/tr><tr><td>Bradavec<\/td><td><\/td><td>0,954<\/td><\/tr><tr><td>Glava Zete<\/td><td><\/td><td>5,360<\/td><\/tr><tr><td>Jara<\/td><td><\/td><td>4,568<\/td><\/tr><tr><td>Jezer\u0161tica<\/td><td><\/td><td>0,844<\/td><\/tr><tr><td>Lijeva Rijeka<\/td><td><\/td><td>0,050<\/td><\/tr><tr><td>Orah<\/td><td><\/td><td>0,954<\/td><\/tr><tr><td>Pi\u0161evska Rijeka<\/td><td><\/td><td>1,080<\/td><\/tr><tr><td>Podgor<\/td><td><\/td><td>0,400<\/td><\/tr><tr><td>Rijeka Crnojevi\u0107a<\/td><td><\/td><td>0,500<\/td><\/tr><tr><td>Rijeka Mu\u0161ovi\u0107a<\/td><td><\/td><td>1,300<\/td><\/tr><tr><td>Rmu\u0161<\/td><td><\/td><td>0,474<\/td><\/tr><tr><td>Slap Zete<\/td><td><\/td><td>1,200<\/td><\/tr><tr><td>Spaljevi\u0107i 1<\/td><td><\/td><td>0,650<\/td><\/tr><tr><td>\u0160avnik<\/td><td><\/td><td>0,200<\/td><\/tr><tr><td>\u0160ekular<\/td><td><\/td><td>1,665<\/td><\/tr><tr><td>\u0160eremet potok<\/td><td><\/td><td>0,792<\/td><\/tr><tr><td>Vrelo<\/td><td><\/td><td>0,615<\/td><\/tr><\/tbody><\/table><\/figure>\n\n\n\n<p>(Izvor: Izvje\u0161taj o stanju energetskog sektora Crne Gore u 2018. godini, Regulatorna agencija za energetiku, 2019. godina)<\/p>\n\n\n\n<p><strong>Male HE u Republici Srpskoj (BiH)<\/strong><\/p>\n\n\n\n<figure class=\"wp-block-table\"><table><tbody><tr><td>Naziv<\/td><td>Vodotok<\/td><td>Instalisana snaga (MW)<\/td><\/tr><tr><td>Bistrica B-5A<\/td><td>Bistrica<\/td><td>3,870<\/td><\/tr><tr><td>Bo\u010dac II<\/td><td>Vrbas<\/td><td>8,760<\/td><\/tr><tr><td>Bogati\u0107i Nova<\/td><td>\u017deljeznica<\/td><td>9,960<\/td><\/tr><tr><td>Crkvin\u0430<\/td><td>Crkvin\u0430<\/td><td>0,250<\/td><\/tr><tr><td>\u010cemerno<\/td><td>Trtori\u0161nica<\/td><td>0,200<\/td><\/tr><tr><td>Demi\u0107ka<\/td><td>Demi\u0107ka Rijeka<\/td><td>0,250<\/td><\/tr><tr><td>Divi\u010d<\/td><td>Vrbanja<\/td><td>2,280<\/td><\/tr><tr><td>Do<\/td><td>Bregava<\/td><td>2,000<\/td><\/tr><tr><td>Dub<\/td><td>Pra\u010da<\/td><td>9,500<\/td><\/tr><tr><td>Glavica<\/td><td>Pliva<\/td><td>1,470<\/td><\/tr><tr><td>Goluba\u010da<\/td><td>Goluba\u010da<\/td><td>0,250<\/td><\/tr><tr><td>Govza B-G-1 Jele\u010d<\/td><td>Govza<\/td><td>5,500<\/td><\/tr><tr><td>Govza<\/td><td>Grabovi\u010dka rijeka<\/td><td>0,250<\/td><\/tr><tr><td>Grabovi\u010dka rijeka<\/td><td>Grabovica<\/td><td>0,700<\/td><\/tr><tr><td>Ilomska<\/td><td>Ilomska<\/td><td>4,800<\/td><\/tr><tr><td>Ispod Ku\u0161lata<\/td><td>Drinja\u010da<\/td><td>0,980<\/td><\/tr><tr><td>Jele\u010d<\/td><td>Govza<\/td><td>4,800<\/td><\/tr><tr><td>Jovana<\/td><td>Zeleni jadar<\/td><td>0,940<\/td><\/tr><tr><td>Klobu\u010darica<\/td><td>Klobu\u010darica<\/td><td>0,250<\/td><\/tr><tr><td>Kru\u0161evo Brdo<\/td><td>Vrbanja<\/td><td>0,270<\/td><\/tr><tr><td>Medna<\/td><td>Sana<\/td><td>4,900<\/td><\/tr><tr><td>Mesi\u0107i-nova<\/td><td>Pra\u010da<\/td><td>4,900<\/td><\/tr><tr><td>Mle\u010dva<\/td><td>Mle\u010dvanska rijeka<\/td><td>0,250<\/td><\/tr><tr><td>Novakovi\u0107i<\/td><td>Ugar<\/td><td>4,900<\/td><\/tr><tr><td>\u041et\u0435\u0161\u0430 B-O-2<\/td><td>Ote\u0161a<\/td><td>1,600<\/td><\/tr><tr><td>Otoke 1<\/td><td>Janja<\/td><td>0,080<\/td><\/tr><tr><td>Paklenica<\/td><td>Paklenica<\/td><td>0,200<\/td><\/tr><tr><td>Podivi\u010d<\/td><td>Kasindolska rijeka<\/td><td>1,000<\/td><\/tr><tr><td>Sitonija<\/td><td>Tisova\u010da<\/td><td>0,250<\/td><\/tr><tr><td>Studena<\/td><td>Studena<\/td><td>0,950<\/td><\/tr><tr><td>Studena 2<\/td><td>Studena<\/td><td>0,250<\/td><\/tr><tr><td>Su\u0107eska R-S-1<\/td><td>Su\u0107eska<\/td><td>1,800<\/td><\/tr><tr><td>Su\u0107eska R-S-2<\/td><td>Su\u0107eska<\/td><td>1,100<\/td><\/tr><tr><td>\u0160t\u0435dri\u0107<\/td><td>\u0160t\u0435dri\u0107<\/td><td>0,850<\/td><\/tr><tr><td>Ti\u0161\u010da<\/td><td>Ti\u0161\u010da<\/td><td>2,050<\/td><\/tr><tr><td>Ustipra\u010da<\/td><td>Pra\u010da<\/td><td>6,900<\/td><\/tr><tr><td>Velika Jasenica<\/td><td>Velika Jasenica<\/td><td>0,650<\/td><\/tr><tr><td>Vlasenica<\/td><td>Studeni Jadar<\/td><td>0,900<\/td><\/tr><tr><td>Zape\u0107e<\/td><td>Ugar<\/td><td>4,100<\/td><\/tr><tr><td>\u017de\u017eelja<\/td><td>\u017de\u017eelja<\/td><td>0,100<\/td><\/tr><tr><td>\u017diraja 2<\/td><td>\u017diraja<\/td><td>0,890<\/td><\/tr><tr><td>\u017dir\u0430\u0458\u0430<\/td><td>\u017dir\u0430\u0458\u0430<\/td><td>0,500<\/td><\/tr><\/tbody><\/table><\/figure>\n\n\n\n<p>(Izvor: www.ekoakcija.org\/pregled)<\/p>\n\n\n\n<p><\/p>\n","protected":false},"excerpt":{"rendered":"<p>Ne postoji op\u0161teprihva\u0107ena granica snage koja razdvaja MHE i HE. Ovde \u0107e se malim HE smatrati one \u010dija je instalisana snaga manja od 10 MW. Male HE u Republici Srbiji Naziv Vodotok Instalisana snaga (MW) Bare 1,162 Belci 1,220 Bovan 0,026 Bovan 0,250 Crkvine 0,960 Debela stena 0,033 Devi\u0107i 0,100 Donje Gare 1 0,990 Donje &hellip; <\/p>\n<p class=\"link-more\"><a href=\"http:\/\/www.stojanovic-hydro.com\/sr\/male-he\/\" class=\"more-link\">\u041d\u0430\u0441\u0442\u0430\u0432\u0438 \u0441\u0430 \u0447\u0438\u0442\u0430\u045a\u0435\u043c<span class=\"screen-reader-text\"> &#8222;Male HE&#8220;<\/span><\/a><\/p>\n","protected":false},"author":3,"featured_media":0,"parent":0,"menu_order":0,"comment_status":"closed","ping_status":"closed","template":"","meta":{"footnotes":""},"class_list":["post-1308","page","type-page","status-publish","hentry"],"_links":{"self":[{"href":"http:\/\/www.stojanovic-hydro.com\/sr\/wp-json\/wp\/v2\/pages\/1308","targetHints":{"allow":["GET"]}}],"collection":[{"href":"http:\/\/www.stojanovic-hydro.com\/sr\/wp-json\/wp\/v2\/pages"}],"about":[{"href":"http:\/\/www.stojanovic-hydro.com\/sr\/wp-json\/wp\/v2\/types\/page"}],"author":[{"embeddable":true,"href":"http:\/\/www.stojanovic-hydro.com\/sr\/wp-json\/wp\/v2\/users\/3"}],"replies":[{"embeddable":true,"href":"http:\/\/www.stojanovic-hydro.com\/sr\/wp-json\/wp\/v2\/comments?post=1308"}],"version-history":[{"count":45,"href":"http:\/\/www.stojanovic-hydro.com\/sr\/wp-json\/wp\/v2\/pages\/1308\/revisions"}],"predecessor-version":[{"id":1612,"href":"http:\/\/www.stojanovic-hydro.com\/sr\/wp-json\/wp\/v2\/pages\/1308\/revisions\/1612"}],"wp:attachment":[{"href":"http:\/\/www.stojanovic-hydro.com\/sr\/wp-json\/wp\/v2\/media?parent=1308"}],"curies":[{"name":"wp","href":"https:\/\/api.w.org\/{rel}","templated":true}]}}