{"id":1428,"date":"2020-07-05T08:36:52","date_gmt":"2020-07-05T06:36:52","guid":{"rendered":"http:\/\/www.stojanovic-hydro.com\/?page_id=1428"},"modified":"2020-07-05T12:24:11","modified_gmt":"2020-07-05T10:24:11","slug":"he-na-ibru-2","status":"publish","type":"page","link":"http:\/\/www.stojanovic-hydro.com\/sr\/he-na-ibru-2\/","title":{"rendered":"HE na Ibru"},"content":{"rendered":"\n<p>Reka Ibar, \u010dija su ukupna du\u017eina toka 276 km, povr\u0161ina sliva 8.059 km\u00b2 i prose\u010dni proticaj na u\u0161\u0107u u Zapadnu Moravu 63 m<sup>3<\/sup>\/s, je jedan od najzna\u010dajnijih neiskori\u0161\u0107enih hidropotencijala u Srbiji.<\/p>\n\n\n\n<p>Usvojena koncepcija kori\u0161\u0107enja hidroenergetskog potencijala Ibra podrazumeva izgradnju deset proto\u010dnih hidroelektrana du\u017e deonice od 55 km na delu toka izme\u0111u Ra\u0161ke i Kraljeva. Ukupan pad du\u017e ove deonice iznosi oko 150 m.<\/p>\n\n\n\n<p>Ukupna snaga hidroelektrana je oko 120&nbsp;MW, a prose\u010dna godi\u0161nja proizvodnja vi\u0161e od 450 GWh. Vrednost investicije se procenjuje na oko 340 miliona evra.<\/p>\n\n\n\n<p>Do sada su ura\u0111eni Generalni projekat i Idejni projekti hidroelektrana na Ibru (projekant: Institut za vodoprivredu \u201eJaroslav \u010cerni\u201c).<\/p>\n\n\n\n<figure class=\"wp-block-gallery columns-1 is-cropped wp-block-gallery-1 is-layout-flex wp-block-gallery-is-layout-flex\"><ul class=\"blocks-gallery-grid\"><li class=\"blocks-gallery-item\"><figure><img loading=\"lazy\" decoding=\"async\" width=\"1024\" height=\"339\" src=\"http:\/\/www.stojanovic-hydro.com\/wp-content\/uploads\/2020\/07\/Ibar-2-1024x339.png\" alt=\"\" data-id=\"1429\" data-full-url=\"http:\/\/www.stojanovic-hydro.com\/wp-content\/uploads\/2020\/07\/Ibar-2.png\" data-link=\"http:\/\/www.stojanovic-hydro.com\/?attachment_id=1429\" class=\"wp-image-1429\" srcset=\"http:\/\/www.stojanovic-hydro.com\/wp-content\/uploads\/2020\/07\/Ibar-2-1024x339.png 1024w, http:\/\/www.stojanovic-hydro.com\/wp-content\/uploads\/2020\/07\/Ibar-2-300x99.png 300w, http:\/\/www.stojanovic-hydro.com\/wp-content\/uploads\/2020\/07\/Ibar-2-768x254.png 768w, http:\/\/www.stojanovic-hydro.com\/wp-content\/uploads\/2020\/07\/Ibar-2-1536x509.png 1536w, http:\/\/www.stojanovic-hydro.com\/wp-content\/uploads\/2020\/07\/Ibar-2-2048x678.png 2048w, http:\/\/www.stojanovic-hydro.com\/wp-content\/uploads\/2020\/07\/Ibar-2-260x86.png 260w, http:\/\/www.stojanovic-hydro.com\/wp-content\/uploads\/2020\/07\/Ibar-2-50x17.png 50w, http:\/\/www.stojanovic-hydro.com\/wp-content\/uploads\/2020\/07\/Ibar-2-150x50.png 150w\" sizes=\"auto, (max-width: 767px) 89vw, (max-width: 1000px) 54vw, (max-width: 1071px) 543px, 580px\" \/><\/figure><\/li><\/ul><\/figure>\n\n\n\n<p>(Izvor: Divac, D., Milivojevi\u0107,, N., Stojanovi\u0107, Z.: Hidroenergija: Aktuelno stanje, raspolo\u017eivi potencijal i perspektive razvoja, Srpska akademija nauka i umetnosti, 2020.)<\/p>\n","protected":false},"excerpt":{"rendered":"<p>Reka Ibar, \u010dija su ukupna du\u017eina toka 276 km, povr\u0161ina sliva 8.059 km\u00b2 i prose\u010dni proticaj na u\u0161\u0107u u Zapadnu Moravu 63 m3\/s, je jedan od najzna\u010dajnijih neiskori\u0161\u0107enih hidropotencijala u Srbiji. Usvojena koncepcija kori\u0161\u0107enja hidroenergetskog potencijala Ibra podrazumeva izgradnju deset proto\u010dnih hidroelektrana du\u017e deonice od 55 km na delu toka izme\u0111u Ra\u0161ke i Kraljeva. Ukupan &hellip; <\/p>\n<p class=\"link-more\"><a href=\"http:\/\/www.stojanovic-hydro.com\/sr\/he-na-ibru-2\/\" class=\"more-link\">\u041d\u0430\u0441\u0442\u0430\u0432\u0438 \u0441\u0430 \u0447\u0438\u0442\u0430\u045a\u0435\u043c<span class=\"screen-reader-text\"> &#8222;HE na Ibru&#8220;<\/span><\/a><\/p>\n","protected":false},"author":3,"featured_media":0,"parent":0,"menu_order":0,"comment_status":"closed","ping_status":"closed","template":"","meta":{"footnotes":""},"class_list":["post-1428","page","type-page","status-publish","hentry"],"_links":{"self":[{"href":"http:\/\/www.stojanovic-hydro.com\/sr\/wp-json\/wp\/v2\/pages\/1428","targetHints":{"allow":["GET"]}}],"collection":[{"href":"http:\/\/www.stojanovic-hydro.com\/sr\/wp-json\/wp\/v2\/pages"}],"about":[{"href":"http:\/\/www.stojanovic-hydro.com\/sr\/wp-json\/wp\/v2\/types\/page"}],"author":[{"embeddable":true,"href":"http:\/\/www.stojanovic-hydro.com\/sr\/wp-json\/wp\/v2\/users\/3"}],"replies":[{"embeddable":true,"href":"http:\/\/www.stojanovic-hydro.com\/sr\/wp-json\/wp\/v2\/comments?post=1428"}],"version-history":[{"count":4,"href":"http:\/\/www.stojanovic-hydro.com\/sr\/wp-json\/wp\/v2\/pages\/1428\/revisions"}],"predecessor-version":[{"id":1445,"href":"http:\/\/www.stojanovic-hydro.com\/sr\/wp-json\/wp\/v2\/pages\/1428\/revisions\/1445"}],"wp:attachment":[{"href":"http:\/\/www.stojanovic-hydro.com\/sr\/wp-json\/wp\/v2\/media?parent=1428"}],"curies":[{"name":"wp","href":"https:\/\/api.w.org\/{rel}","templated":true}]}}