{"id":1446,"date":"2020-07-05T12:55:07","date_gmt":"2020-07-05T10:55:07","guid":{"rendered":"http:\/\/www.stojanovic-hydro.com\/?page_id=1446"},"modified":"2020-07-05T12:57:33","modified_gmt":"2020-07-05T10:57:33","slug":"hpps-on-the-velika-morava-river","status":"publish","type":"page","link":"http:\/\/www.stojanovic-hydro.com\/sr\/hpps-on-the-velika-morava-river\/","title":{"rendered":"HE na Velikoj Moravi"},"content":{"rendered":"\n<p>Reka Velika Morava ima prose\u010dan protok ve\u0107i od 230 m<sup>3<\/sup>\/s na u\u0161\u0107u u Dunav, a povr\u0161ina njenog &nbsp;sliva je ve\u0107a od 37.000 km<sup>2<\/sup>.<\/p>\n\n\n\n<p>Du\u017eina njenog toka je oko 182 km, a du\u017e njega se formira pad od 62 m. Na oko njenog 20 km toka, na deonici nizvodno od Ljubi\u010devskog mosta, reka je pod usporom akumulacije HE \u201e\u0110erdap I\u201c,pa je 5 m pada ve\u0107 hidroenergetski iskori\u0161\u0107eno.<\/p>\n\n\n\n<p>U toku 2010. godine ura\u0111en je Generalni projekat HE na Velikoj Moravi. U ovoj dokumentaciji je dato je re\u0161enje prema kome se bi se hidropotencijal reke Velike Morave iskoristio izgradnjom kaskade od 5 pribranskih elektrana sa akumulacijama.<\/p>\n\n\n\n<p>Ukupna snaga ovih hidroelektrana bila bi oko 148 MW, a prose\u010dna godi\u0161nja proizvodnja oko 645 GWh. Vrednost investicije je u Generalnom projektu procenjena na oko 352 miliona evra.<\/p>\n\n\n\n<p>Uprkos tome \u0161to ova dokumentacija postoji ve\u0107 10 godina, ona do sada nije revidovana i postoje odre\u0111ene rezerve vezane za izvodljivost ovog tehi\u010dkog re\u0161enja, kao i sugestije da je raspolo\u017eivi potencijal neophodno iskoristiti ve\u0107im brojem stepenica. Primera radi, postoji revidovana tehni\u010dka dokumentacija, starija od ove, u kojoj je izlo\u017eeno tehni\u010dko re\u0161enje sa 7 HE.<\/p>\n\n\n\n<figure class=\"wp-block-image size-large\"><img loading=\"lazy\" decoding=\"async\" width=\"1024\" height=\"287\" src=\"http:\/\/www.stojanovic-hydro.com\/wp-content\/uploads\/2020\/07\/Velika-Morava-1024x287.png\" alt=\"\" class=\"wp-image-1448\" srcset=\"http:\/\/www.stojanovic-hydro.com\/wp-content\/uploads\/2020\/07\/Velika-Morava-1024x287.png 1024w, http:\/\/www.stojanovic-hydro.com\/wp-content\/uploads\/2020\/07\/Velika-Morava-300x84.png 300w, http:\/\/www.stojanovic-hydro.com\/wp-content\/uploads\/2020\/07\/Velika-Morava-768x215.png 768w, http:\/\/www.stojanovic-hydro.com\/wp-content\/uploads\/2020\/07\/Velika-Morava-1536x430.png 1536w, http:\/\/www.stojanovic-hydro.com\/wp-content\/uploads\/2020\/07\/Velika-Morava-2048x573.png 2048w, http:\/\/www.stojanovic-hydro.com\/wp-content\/uploads\/2020\/07\/Velika-Morava-260x73.png 260w, http:\/\/www.stojanovic-hydro.com\/wp-content\/uploads\/2020\/07\/Velika-Morava-50x14.png 50w, http:\/\/www.stojanovic-hydro.com\/wp-content\/uploads\/2020\/07\/Velika-Morava-150x42.png 150w\" sizes=\"auto, (max-width: 767px) 89vw, (max-width: 1000px) 54vw, (max-width: 1071px) 543px, 580px\" \/><\/figure>\n\n\n\n<p>(Izvor: Divac, D., Milivojevi\u0107,, N., Stojanovi\u0107, Z.: Hidroenergija: Aktuelno stanje, raspolo\u017eivi potencijal i perspektive razvoja, Srpska akademija nauka i umetnosti, 2020.)<\/p>\n","protected":false},"excerpt":{"rendered":"<p>Reka Velika Morava ima prose\u010dan protok ve\u0107i od 230 m3\/s na u\u0161\u0107u u Dunav, a povr\u0161ina njenog &nbsp;sliva je ve\u0107a od 37.000 km2. Du\u017eina njenog toka je oko 182 km, a du\u017e njega se formira pad od 62 m. Na oko njenog 20 km toka, na deonici nizvodno od Ljubi\u010devskog mosta, reka je pod usporom &hellip; <\/p>\n<p class=\"link-more\"><a href=\"http:\/\/www.stojanovic-hydro.com\/sr\/hpps-on-the-velika-morava-river\/\" class=\"more-link\">\u041d\u0430\u0441\u0442\u0430\u0432\u0438 \u0441\u0430 \u0447\u0438\u0442\u0430\u045a\u0435\u043c<span class=\"screen-reader-text\"> &#8222;HE na Velikoj Moravi&#8220;<\/span><\/a><\/p>\n","protected":false},"author":3,"featured_media":0,"parent":0,"menu_order":0,"comment_status":"closed","ping_status":"closed","template":"","meta":{"footnotes":""},"class_list":["post-1446","page","type-page","status-publish","hentry"],"_links":{"self":[{"href":"http:\/\/www.stojanovic-hydro.com\/sr\/wp-json\/wp\/v2\/pages\/1446","targetHints":{"allow":["GET"]}}],"collection":[{"href":"http:\/\/www.stojanovic-hydro.com\/sr\/wp-json\/wp\/v2\/pages"}],"about":[{"href":"http:\/\/www.stojanovic-hydro.com\/sr\/wp-json\/wp\/v2\/types\/page"}],"author":[{"embeddable":true,"href":"http:\/\/www.stojanovic-hydro.com\/sr\/wp-json\/wp\/v2\/users\/3"}],"replies":[{"embeddable":true,"href":"http:\/\/www.stojanovic-hydro.com\/sr\/wp-json\/wp\/v2\/comments?post=1446"}],"version-history":[{"count":2,"href":"http:\/\/www.stojanovic-hydro.com\/sr\/wp-json\/wp\/v2\/pages\/1446\/revisions"}],"predecessor-version":[{"id":1450,"href":"http:\/\/www.stojanovic-hydro.com\/sr\/wp-json\/wp\/v2\/pages\/1446\/revisions\/1450"}],"wp:attachment":[{"href":"http:\/\/www.stojanovic-hydro.com\/sr\/wp-json\/wp\/v2\/media?parent=1446"}],"curies":[{"name":"wp","href":"https:\/\/api.w.org\/{rel}","templated":true}]}}