{"id":1486,"date":"2020-07-07T21:49:45","date_gmt":"2020-07-07T19:49:45","guid":{"rendered":"http:\/\/www.stojanovic-hydro.com\/?page_id=1486"},"modified":"2020-07-11T13:09:27","modified_gmt":"2020-07-11T11:09:27","slug":"he-djerdap-i","status":"publish","type":"page","link":"http:\/\/www.stojanovic-hydro.com\/sr\/he-djerdap-i\/","title":{"rendered":"HE \u0110erdap I"},"content":{"rendered":"\n<p>Hidroenergetski i plovidbeni sistem \u201e\u0110erdap I&#8220; se nalazi 943 kilometra mereno od od u\u0161\u0107a Dunava u Crno more. I Srbija i Rumunija raspola\u017eu po jednom elektranom, brodskom prevodnicom i po 7 prelivnih polja.<\/p>\n\n\n\n<p>HE je prvi put sinhronizovana na mre\u017eu 1970. godine.<\/p>\n\n\n\n<p>Najva\u017enije karakteristike HE \u201e\u0110erdap I\u201c sa odgovaraju\u0107im objektima date su u nastavku:<\/p>\n\n\n\n<ul class=\"wp-block-list\"><li>Akumulacija<\/li><\/ul>\n\n\n\n<figure class=\"wp-block-table\"><table><tbody><tr><td>Ukupna zapremina<\/td><td>2.800 miliona m<sup>3<\/sup><\/td><\/tr><tr><td>Prose\u010dan doticaj<\/td><td>5.650 m<sup>3<\/sup>\/s<\/td><\/tr><\/tbody><\/table><\/figure>\n\n\n\n<ul class=\"wp-block-list\"><li>HE<\/li><\/ul>\n\n\n\n<figure class=\"wp-block-table\"><table><tbody><tr><td>Tip<\/td><td>branska<\/td><\/tr><tr><td>Maksimalni pad<\/td><td>35,46 (31,50) m<\/td><\/tr><tr><td>Minimalni pad<\/td><td>17,50 (18,00) m<\/td><\/tr><tr><td>Instalisani protok<\/td><td>5.040 m<sup>3<\/sup>\/s<\/td><\/tr><tr><td>Instalisana snaga<\/td><td>1.083 (2 x 171; 4 x 190) MW<\/td><\/tr><tr><td>Broj agregata<\/td><td>6 (na srpskoj strani)<\/td><\/tr><tr><td>Tip turbine<\/td><td>Kaplan<\/td><\/tr><\/tbody><\/table><\/figure>\n\n\n\n<p>(Izvor: JP EPS Web sajt)<\/p>\n","protected":false},"excerpt":{"rendered":"<p>Hidroenergetski i plovidbeni sistem \u201e\u0110erdap I&#8220; se nalazi 943 kilometra mereno od od u\u0161\u0107a Dunava u Crno more. I Srbija i Rumunija raspola\u017eu po jednom elektranom, brodskom prevodnicom i po 7 prelivnih polja. HE je prvi put sinhronizovana na mre\u017eu 1970. godine. Najva\u017enije karakteristike HE \u201e\u0110erdap I\u201c sa odgovaraju\u0107im objektima date su u nastavku: Akumulacija &hellip; <\/p>\n<p class=\"link-more\"><a href=\"http:\/\/www.stojanovic-hydro.com\/sr\/he-djerdap-i\/\" class=\"more-link\">\u041d\u0430\u0441\u0442\u0430\u0432\u0438 \u0441\u0430 \u0447\u0438\u0442\u0430\u045a\u0435\u043c<span class=\"screen-reader-text\"> &#8222;HE \u0110erdap I&#8220;<\/span><\/a><\/p>\n","protected":false},"author":3,"featured_media":0,"parent":0,"menu_order":0,"comment_status":"closed","ping_status":"closed","template":"","meta":{"footnotes":""},"class_list":["post-1486","page","type-page","status-publish","hentry"],"_links":{"self":[{"href":"http:\/\/www.stojanovic-hydro.com\/sr\/wp-json\/wp\/v2\/pages\/1486","targetHints":{"allow":["GET"]}}],"collection":[{"href":"http:\/\/www.stojanovic-hydro.com\/sr\/wp-json\/wp\/v2\/pages"}],"about":[{"href":"http:\/\/www.stojanovic-hydro.com\/sr\/wp-json\/wp\/v2\/types\/page"}],"author":[{"embeddable":true,"href":"http:\/\/www.stojanovic-hydro.com\/sr\/wp-json\/wp\/v2\/users\/3"}],"replies":[{"embeddable":true,"href":"http:\/\/www.stojanovic-hydro.com\/sr\/wp-json\/wp\/v2\/comments?post=1486"}],"version-history":[{"count":3,"href":"http:\/\/www.stojanovic-hydro.com\/sr\/wp-json\/wp\/v2\/pages\/1486\/revisions"}],"predecessor-version":[{"id":1569,"href":"http:\/\/www.stojanovic-hydro.com\/sr\/wp-json\/wp\/v2\/pages\/1486\/revisions\/1569"}],"wp:attachment":[{"href":"http:\/\/www.stojanovic-hydro.com\/sr\/wp-json\/wp\/v2\/media?parent=1486"}],"curies":[{"name":"wp","href":"https:\/\/api.w.org\/{rel}","templated":true}]}}