{"id":1490,"date":"2020-07-08T12:12:52","date_gmt":"2020-07-08T10:12:52","guid":{"rendered":"http:\/\/www.stojanovic-hydro.com\/?page_id=1490"},"modified":"2020-07-11T13:28:34","modified_gmt":"2020-07-11T11:28:34","slug":"he-djerdap-ii","status":"publish","type":"page","link":"http:\/\/www.stojanovic-hydro.com\/sr\/he-djerdap-ii\/","title":{"rendered":"HE \u0110erdap II"},"content":{"rendered":"\n<p>Hidroenergetsko-plovidbeni sistem HE \u201e\u0110erdap II\u201c se nalazi na 863 km uzvodno od u\u0161\u0107a Dunava u Crno more, na profilu Kusjak-Ostrovul Mare. I srpska i rumunska strana raspola\u017eu po jednom elektranom, jednom dodatnom elektranom, prelivnom branom i brodskom prevodnicom.<\/p>\n\n\n\n<p>Elektrana je prvi put sinhronizovana na mre\u017eu 1985. godine.<\/p>\n\n\n\n<p>Najva\u017enije karakteristike HE \u201e\u0110erdap II\u201c sa odgovaraju\u0107im objektima date su u nastavku:<\/p>\n\n\n\n<ul class=\"wp-block-list\"><li>Akumulacija<\/li><\/ul>\n\n\n\n<figure class=\"wp-block-table\"><table><tbody><tr><td>Ukupna zapremina<\/td><td>716,5 miliona m<sup>3<\/sup><\/td><\/tr><\/tbody><\/table><\/figure>\n\n\n\n<ul class=\"wp-block-list\"><li>HE<\/li><\/ul>\n\n\n\n<figure class=\"wp-block-table\"><table><tbody><tr><td>Tip<\/td><td>re\u010dna, proto\u010dna<\/td><\/tr><tr><td>Maksimalni pad<\/td><td>12,5 m<\/td><\/tr><tr><td>Minimalni pad<\/td><td>2,5 m<\/td><\/tr><tr><td>Instalisani protok<\/td><td>4.200 m<sup>3<\/sup>\/s<\/td><\/tr><tr><td>Instalisana snaga<\/td><td>270 (10 x 28) MW<\/td><\/tr><tr><td>Broj agregata<\/td><td>8<\/td><\/tr><tr><td>Tip turbine<\/td><td>Kapsulna<\/td><\/tr><\/tbody><\/table><\/figure>\n","protected":false},"excerpt":{"rendered":"<p>Hidroenergetsko-plovidbeni sistem HE \u201e\u0110erdap II\u201c se nalazi na 863 km uzvodno od u\u0161\u0107a Dunava u Crno more, na profilu Kusjak-Ostrovul Mare. I srpska i rumunska strana raspola\u017eu po jednom elektranom, jednom dodatnom elektranom, prelivnom branom i brodskom prevodnicom. Elektrana je prvi put sinhronizovana na mre\u017eu 1985. godine. Najva\u017enije karakteristike HE \u201e\u0110erdap II\u201c sa odgovaraju\u0107im objektima &hellip; <\/p>\n<p class=\"link-more\"><a href=\"http:\/\/www.stojanovic-hydro.com\/sr\/he-djerdap-ii\/\" class=\"more-link\">\u041d\u0430\u0441\u0442\u0430\u0432\u0438 \u0441\u0430 \u0447\u0438\u0442\u0430\u045a\u0435\u043c<span class=\"screen-reader-text\"> &#8222;HE \u0110erdap II&#8220;<\/span><\/a><\/p>\n","protected":false},"author":3,"featured_media":0,"parent":0,"menu_order":0,"comment_status":"closed","ping_status":"closed","template":"","meta":{"footnotes":""},"class_list":["post-1490","page","type-page","status-publish","hentry"],"_links":{"self":[{"href":"http:\/\/www.stojanovic-hydro.com\/sr\/wp-json\/wp\/v2\/pages\/1490","targetHints":{"allow":["GET"]}}],"collection":[{"href":"http:\/\/www.stojanovic-hydro.com\/sr\/wp-json\/wp\/v2\/pages"}],"about":[{"href":"http:\/\/www.stojanovic-hydro.com\/sr\/wp-json\/wp\/v2\/types\/page"}],"author":[{"embeddable":true,"href":"http:\/\/www.stojanovic-hydro.com\/sr\/wp-json\/wp\/v2\/users\/3"}],"replies":[{"embeddable":true,"href":"http:\/\/www.stojanovic-hydro.com\/sr\/wp-json\/wp\/v2\/comments?post=1490"}],"version-history":[{"count":3,"href":"http:\/\/www.stojanovic-hydro.com\/sr\/wp-json\/wp\/v2\/pages\/1490\/revisions"}],"predecessor-version":[{"id":1570,"href":"http:\/\/www.stojanovic-hydro.com\/sr\/wp-json\/wp\/v2\/pages\/1490\/revisions\/1570"}],"wp:attachment":[{"href":"http:\/\/www.stojanovic-hydro.com\/sr\/wp-json\/wp\/v2\/media?parent=1490"}],"curies":[{"name":"wp","href":"https:\/\/api.w.org\/{rel}","templated":true}]}}