{"id":1504,"date":"2020-07-08T18:02:34","date_gmt":"2020-07-08T16:02:34","guid":{"rendered":"http:\/\/www.stojanovic-hydro.com\/?page_id=1504"},"modified":"2020-07-08T18:02:37","modified_gmt":"2020-07-08T16:02:37","slug":"he-perucica","status":"publish","type":"page","link":"http:\/\/www.stojanovic-hydro.com\/sr\/he-perucica\/","title":{"rendered":"HE Peru\u0107ica"},"content":{"rendered":"\n<p>HE \u201ePeru\u0107ica\u201c se nalazi na teritoriji op\u0161tine Nik\u0161i\u0107 i koristi vode sliva reke Gornje Zete, koje doti\u010du u Nik\u0161i\u0107ko polje.<\/p>\n\n\n\n<p>HE je pu\u0161tena u pogon 1960. godine.<\/p>\n\n\n\n<p>Najva\u017enije karakteristike HE \u201ePeru\u0107ica\u201c sa odgovaraju\u0107im objektima date su u nastavku:<\/p>\n\n\n\n<ul class=\"wp-block-list\"><li>Akumulacija<\/li><\/ul>\n\n\n\n<figure class=\"wp-block-table\"><table><tbody><tr><td>Korisna zapremina<\/td><td>225 miliona m<sup>3<\/sup><\/td><\/tr><\/tbody><\/table><\/figure>\n\n\n\n<ul class=\"wp-block-list\"><li>Dovod<\/li><\/ul>\n\n\n\n<figure class=\"wp-block-table\"><table><tbody><tr><td>Du\u017eina tunela<\/td><td>3.323,27 m<\/td><\/tr><tr><td>Pre\u010dnik cevovoda<\/td><td>2,65 (2,50) m<\/td><\/tr><\/tbody><\/table><\/figure>\n\n\n\n<ul class=\"wp-block-list\"><li>HE<\/li><\/ul>\n\n\n\n<figure class=\"wp-block-table\"><table><tbody><tr><td>Tip<\/td><td>derivaciona<\/td><\/tr><tr><td>Instalisana snaga<\/td><td>307 MW<\/td><\/tr><tr><td>Prose\u010dna godi\u0161nja proizvodnja energije<\/td><td>oko 1.300 GWh<\/td><\/tr><tr><td>Broj agregata<\/td><td>7<\/td><\/tr><tr><td>Tip turbine<\/td><td>Pelton, dvojna<\/td><\/tr><\/tbody><\/table><\/figure>\n\n\n\n<p>(Izvor: JP EPCG Web sajt)<\/p>\n\n\n\n<div class=\"wp-block-image\"><figure class=\"aligncenter size-large is-resized\"><img loading=\"lazy\" decoding=\"async\" src=\"http:\/\/www.stojanovic-hydro.com\/wp-content\/uploads\/2020\/07\/HE-Perucica-1.jpg\" alt=\"\" class=\"wp-image-1509\" width=\"584\" height=\"351\" srcset=\"http:\/\/www.stojanovic-hydro.com\/wp-content\/uploads\/2020\/07\/HE-Perucica-1.jpg 447w, http:\/\/www.stojanovic-hydro.com\/wp-content\/uploads\/2020\/07\/HE-Perucica-1-300x181.jpg 300w, http:\/\/www.stojanovic-hydro.com\/wp-content\/uploads\/2020\/07\/HE-Perucica-1-243x146.jpg 243w, http:\/\/www.stojanovic-hydro.com\/wp-content\/uploads\/2020\/07\/HE-Perucica-1-50x30.jpg 50w, http:\/\/www.stojanovic-hydro.com\/wp-content\/uploads\/2020\/07\/HE-Perucica-1-125x75.jpg 125w\" sizes=\"auto, (max-width: 584px) 100vw, 584px\" \/><figcaption>Agregati u ma\u0161inskoj zgradi<\/figcaption><\/figure><\/div>\n\n\n\n<div class=\"wp-block-image\"><figure class=\"aligncenter size-large is-resized\"><img loading=\"lazy\" decoding=\"async\" src=\"http:\/\/www.stojanovic-hydro.com\/wp-content\/uploads\/2020\/07\/HE-Perucica-2-1.jpg\" alt=\"\" class=\"wp-image-1513\" width=\"588\" height=\"354\" srcset=\"http:\/\/www.stojanovic-hydro.com\/wp-content\/uploads\/2020\/07\/HE-Perucica-2-1.jpg 447w, http:\/\/www.stojanovic-hydro.com\/wp-content\/uploads\/2020\/07\/HE-Perucica-2-1-300x181.jpg 300w, http:\/\/www.stojanovic-hydro.com\/wp-content\/uploads\/2020\/07\/HE-Perucica-2-1-243x146.jpg 243w, http:\/\/www.stojanovic-hydro.com\/wp-content\/uploads\/2020\/07\/HE-Perucica-2-1-50x30.jpg 50w, http:\/\/www.stojanovic-hydro.com\/wp-content\/uploads\/2020\/07\/HE-Perucica-2-1-125x75.jpg 125w\" sizes=\"auto, (max-width: 588px) 100vw, 588px\" \/><figcaption>Cevovod<\/figcaption><\/figure><\/div>\n\n\n\n<p><\/p>\n","protected":false},"excerpt":{"rendered":"<p>HE \u201ePeru\u0107ica\u201c se nalazi na teritoriji op\u0161tine Nik\u0161i\u0107 i koristi vode sliva reke Gornje Zete, koje doti\u010du u Nik\u0161i\u0107ko polje. HE je pu\u0161tena u pogon 1960. godine. Najva\u017enije karakteristike HE \u201ePeru\u0107ica\u201c sa odgovaraju\u0107im objektima date su u nastavku: Akumulacija Korisna zapremina 225 miliona m3 Dovod Du\u017eina tunela 3.323,27 m Pre\u010dnik cevovoda 2,65 (2,50) m HE &hellip; <\/p>\n<p class=\"link-more\"><a href=\"http:\/\/www.stojanovic-hydro.com\/sr\/he-perucica\/\" class=\"more-link\">\u041d\u0430\u0441\u0442\u0430\u0432\u0438 \u0441\u0430 \u0447\u0438\u0442\u0430\u045a\u0435\u043c<span class=\"screen-reader-text\"> &#8222;HE Peru\u0107ica&#8220;<\/span><\/a><\/p>\n","protected":false},"author":3,"featured_media":0,"parent":0,"menu_order":0,"comment_status":"closed","ping_status":"closed","template":"","meta":{"footnotes":""},"class_list":["post-1504","page","type-page","status-publish","hentry"],"_links":{"self":[{"href":"http:\/\/www.stojanovic-hydro.com\/sr\/wp-json\/wp\/v2\/pages\/1504","targetHints":{"allow":["GET"]}}],"collection":[{"href":"http:\/\/www.stojanovic-hydro.com\/sr\/wp-json\/wp\/v2\/pages"}],"about":[{"href":"http:\/\/www.stojanovic-hydro.com\/sr\/wp-json\/wp\/v2\/types\/page"}],"author":[{"embeddable":true,"href":"http:\/\/www.stojanovic-hydro.com\/sr\/wp-json\/wp\/v2\/users\/3"}],"replies":[{"embeddable":true,"href":"http:\/\/www.stojanovic-hydro.com\/sr\/wp-json\/wp\/v2\/comments?post=1504"}],"version-history":[{"count":1,"href":"http:\/\/www.stojanovic-hydro.com\/sr\/wp-json\/wp\/v2\/pages\/1504\/revisions"}],"predecessor-version":[{"id":1515,"href":"http:\/\/www.stojanovic-hydro.com\/sr\/wp-json\/wp\/v2\/pages\/1504\/revisions\/1515"}],"wp:attachment":[{"href":"http:\/\/www.stojanovic-hydro.com\/sr\/wp-json\/wp\/v2\/media?parent=1504"}],"curies":[{"name":"wp","href":"https:\/\/api.w.org\/{rel}","templated":true}]}}