{"id":1526,"date":"2020-07-10T11:20:17","date_gmt":"2020-07-10T09:20:17","guid":{"rendered":"http:\/\/www.stojanovic-hydro.com\/?page_id=1526"},"modified":"2020-07-10T11:22:33","modified_gmt":"2020-07-10T09:22:33","slug":"trziste-elektricne-energije","status":"publish","type":"page","link":"http:\/\/www.stojanovic-hydro.com\/sr\/trziste-elektricne-energije\/","title":{"rendered":"Tr\u017ei\u0161te elektri\u010dne energije"},"content":{"rendered":"\n<figure class=\"wp-block-image size-large\"><img loading=\"lazy\" decoding=\"async\" width=\"1024\" height=\"683\" src=\"http:\/\/www.stojanovic-hydro.com\/wp-content\/uploads\/2020\/07\/Under-construction-2-1024x683.png\" alt=\"\" class=\"wp-image-1316\" srcset=\"http:\/\/www.stojanovic-hydro.com\/wp-content\/uploads\/2020\/07\/Under-construction-2-1024x683.png 1024w, http:\/\/www.stojanovic-hydro.com\/wp-content\/uploads\/2020\/07\/Under-construction-2-300x200.png 300w, http:\/\/www.stojanovic-hydro.com\/wp-content\/uploads\/2020\/07\/Under-construction-2-768x512.png 768w, http:\/\/www.stojanovic-hydro.com\/wp-content\/uploads\/2020\/07\/Under-construction-2-219x146.png 219w, http:\/\/www.stojanovic-hydro.com\/wp-content\/uploads\/2020\/07\/Under-construction-2-50x33.png 50w, http:\/\/www.stojanovic-hydro.com\/wp-content\/uploads\/2020\/07\/Under-construction-2-113x75.png 113w, http:\/\/www.stojanovic-hydro.com\/wp-content\/uploads\/2020\/07\/Under-construction-2.png 1245w\" sizes=\"auto, (max-width: 767px) 89vw, (max-width: 1000px) 54vw, (max-width: 1071px) 543px, 580px\" \/><\/figure>\n","protected":false},"excerpt":{"rendered":"","protected":false},"author":3,"featured_media":0,"parent":0,"menu_order":0,"comment_status":"closed","ping_status":"closed","template":"","meta":{"footnotes":""},"class_list":["post-1526","page","type-page","status-publish","hentry"],"_links":{"self":[{"href":"http:\/\/www.stojanovic-hydro.com\/sr\/wp-json\/wp\/v2\/pages\/1526","targetHints":{"allow":["GET"]}}],"collection":[{"href":"http:\/\/www.stojanovic-hydro.com\/sr\/wp-json\/wp\/v2\/pages"}],"about":[{"href":"http:\/\/www.stojanovic-hydro.com\/sr\/wp-json\/wp\/v2\/types\/page"}],"author":[{"embeddable":true,"href":"http:\/\/www.stojanovic-hydro.com\/sr\/wp-json\/wp\/v2\/users\/3"}],"replies":[{"embeddable":true,"href":"http:\/\/www.stojanovic-hydro.com\/sr\/wp-json\/wp\/v2\/comments?post=1526"}],"version-history":[{"count":2,"href":"http:\/\/www.stojanovic-hydro.com\/sr\/wp-json\/wp\/v2\/pages\/1526\/revisions"}],"predecessor-version":[{"id":1530,"href":"http:\/\/www.stojanovic-hydro.com\/sr\/wp-json\/wp\/v2\/pages\/1526\/revisions\/1530"}],"wp:attachment":[{"href":"http:\/\/www.stojanovic-hydro.com\/sr\/wp-json\/wp\/v2\/media?parent=1526"}],"curies":[{"name":"wp","href":"https:\/\/api.w.org\/{rel}","templated":true}]}}