{"id":522,"date":"2020-06-28T14:12:12","date_gmt":"2020-06-28T14:12:12","guid":{"rendered":"http:\/\/www.stojanovic-hydro.com\/?page_id=522"},"modified":"2020-07-01T11:09:25","modified_gmt":"2020-07-01T11:09:25","slug":"visegrad-hpp","status":"publish","type":"page","link":"http:\/\/www.stojanovic-hydro.com\/sr\/visegrad-hpp\/","title":{"rendered":"HE Vi\u0161egrad"},"content":{"rendered":"\n<p>Brana i akumulacija \u201eVi\u0161egrad\u201c se nalaze na reci Drini (staciona\u017ea km 245+000). Najva\u017eniji objekti izgra\u0111eni su u periodu od 1985. do 1989. godine. Brana \u201eVi\u0161egrad\u201c je betonska brana, visine 79,5 m i du\u017eine 280 m.<\/p>\n\n\n\n<p>Pripadaju\u0107i objekti obuhvataju slede\u0107e: preliv sa ustavama sa maksimalnim kapacitetom 6.000 m<sup>3<\/sup>\/s, temeljne ispuste sa maksimalnim kapacitetom od 5.000 m<sup>3<\/sup>\/s i slapi\u0161te. Ma\u0161inska zgrada je sme\u0161tena pored prelivnog dela. U ma\u0161inskoj zgradi se nalaze tri agregata, sa ukupnom snagom od 345 MW.<\/p>\n\n\n\n<p>Minimalni odr\u017eivi protok je 50 m<sup>3<\/sup>\/s.<\/p>\n\n\n\n<p>Tokom svog dosada\u0161njeg rada ova HE je dokazala svoju pouzdanost i radila prakti\u010dno bez ikakvog ve\u0107eg kvara. Tokom poslednje dve godine izvr\u0161eni su kompleksni radovi na revitalizaciji, \u010diji je cilj bilo smanjenje procurivanja ispod brane. Na osnovu rezultat dobijenih u oktobru 2014. godine gubici vode izazvani procurivanjem smanjeni su za pribli\u017eno 70%.<\/p>\n\n\n\n<p>Najva\u017enije karakteristike HE \u201eVi\u0161egrad\u201c sa odgovaraju\u0107im objektima date su u nastavku:<\/p>\n\n\n\n<ul class=\"wp-block-list\"><li>Akumulacija:<\/li><\/ul>\n\n\n\n<figure class=\"wp-block-table\"><table><tbody><tr><td>Ukupna zapremina<\/td><td>161 milion m<sup>3<\/sup><\/td><\/tr><tr><td>Aktivna zapremina<\/td><td>105 miliona m<sup>3<\/sup><\/td><\/tr><tr><td>Maksimalni radni nivo vode<\/td><td>336 mnm<\/td><\/tr><tr><td>Kota normalnog uspora<\/td><td>333 do 336 mnm<\/td><\/tr><tr><td>Minimalni radni nivo vode<\/td><td>319 mnm<\/td><\/tr><\/tbody><\/table><\/figure>\n\n\n\n<ul class=\"wp-block-list\"><li>Brana<\/li><\/ul>\n\n\n\n<figure class=\"wp-block-table\"><table><tbody><tr><td>Tip<\/td><td>Betonska, gravitaciona<\/td><\/tr><tr><td>Kota krune<\/td><td>339 mnm<\/td><\/tr><tr><td>Visina<\/td><td>79,5 m<\/td><\/tr><\/tbody><\/table><\/figure>\n\n\n\n<ul class=\"wp-block-list\"><li>HE<\/li><\/ul>\n\n\n\n<figure class=\"wp-block-table\"><table><tbody><tr><td>Tip<\/td><td>Pribranska<\/td><\/tr><tr><td>Maksimalni pad<\/td><td>44,4 m<\/td><\/tr><tr><td>Instalisani protok<\/td><td>800 m<sup>3<\/sup>\/s<\/td><\/tr><tr><td>Instalisana snaga<\/td><td>333 MW<\/td><\/tr><tr><td>Godi\u0161nja proizvodnja energije<\/td><td>1.010 GWh<\/td><\/tr><tr><td>Broj agregata<\/td><td>3<\/td><\/tr><tr><td>Tip turbine<\/td><td>Kaplan vertikalna<\/td><\/tr><\/tbody><\/table><\/figure>\n\n\n\n<div class=\"wp-block-image\"><figure class=\"aligncenter size-large\"><img loading=\"lazy\" decoding=\"async\" width=\"580\" height=\"315\" src=\"http:\/\/www.stojanovic-hydro.com\/wp-content\/uploads\/2020\/07\/HE-Visegrad-1.jpg\" alt=\"\" class=\"wp-image-1235\" srcset=\"http:\/\/www.stojanovic-hydro.com\/wp-content\/uploads\/2020\/07\/HE-Visegrad-1.jpg 580w, http:\/\/www.stojanovic-hydro.com\/wp-content\/uploads\/2020\/07\/HE-Visegrad-1-300x163.jpg 300w, http:\/\/www.stojanovic-hydro.com\/wp-content\/uploads\/2020\/07\/HE-Visegrad-1-260x141.jpg 260w, http:\/\/www.stojanovic-hydro.com\/wp-content\/uploads\/2020\/07\/HE-Visegrad-1-50x27.jpg 50w, http:\/\/www.stojanovic-hydro.com\/wp-content\/uploads\/2020\/07\/HE-Visegrad-1-138x75.jpg 138w\" sizes=\"auto, (max-width: 580px) 100vw, 580px\" \/><figcaption>Visegrad dam and HPP<\/figcaption><\/figure><\/div>\n\n\n\n<p><strong>Izvor: IWRM Country Report for B&amp;H, COWI, Stucky and Jaroslav Cerni Water Institute, 2017<\/strong><\/p>\n","protected":false},"excerpt":{"rendered":"<p>Brana i akumulacija \u201eVi\u0161egrad\u201c se nalaze na reci Drini (staciona\u017ea km 245+000). Najva\u017eniji objekti izgra\u0111eni su u periodu od 1985. do 1989. godine. Brana \u201eVi\u0161egrad\u201c je betonska brana, visine 79,5 m i du\u017eine 280 m. Pripadaju\u0107i objekti obuhvataju slede\u0107e: preliv sa ustavama sa maksimalnim kapacitetom 6.000 m3\/s, temeljne ispuste sa maksimalnim kapacitetom od 5.000 m3\/s &hellip; <\/p>\n<p class=\"link-more\"><a href=\"http:\/\/www.stojanovic-hydro.com\/sr\/visegrad-hpp\/\" class=\"more-link\">\u041d\u0430\u0441\u0442\u0430\u0432\u0438 \u0441\u0430 \u0447\u0438\u0442\u0430\u045a\u0435\u043c<span class=\"screen-reader-text\"> &#8222;HE Vi\u0161egrad&#8220;<\/span><\/a><\/p>\n","protected":false},"author":3,"featured_media":0,"parent":0,"menu_order":0,"comment_status":"closed","ping_status":"closed","template":"","meta":{"footnotes":""},"class_list":["post-522","page","type-page","status-publish","hentry"],"_links":{"self":[{"href":"http:\/\/www.stojanovic-hydro.com\/sr\/wp-json\/wp\/v2\/pages\/522","targetHints":{"allow":["GET"]}}],"collection":[{"href":"http:\/\/www.stojanovic-hydro.com\/sr\/wp-json\/wp\/v2\/pages"}],"about":[{"href":"http:\/\/www.stojanovic-hydro.com\/sr\/wp-json\/wp\/v2\/types\/page"}],"author":[{"embeddable":true,"href":"http:\/\/www.stojanovic-hydro.com\/sr\/wp-json\/wp\/v2\/users\/3"}],"replies":[{"embeddable":true,"href":"http:\/\/www.stojanovic-hydro.com\/sr\/wp-json\/wp\/v2\/comments?post=522"}],"version-history":[{"count":5,"href":"http:\/\/www.stojanovic-hydro.com\/sr\/wp-json\/wp\/v2\/pages\/522\/revisions"}],"predecessor-version":[{"id":1237,"href":"http:\/\/www.stojanovic-hydro.com\/sr\/wp-json\/wp\/v2\/pages\/522\/revisions\/1237"}],"wp:attachment":[{"href":"http:\/\/www.stojanovic-hydro.com\/sr\/wp-json\/wp\/v2\/media?parent=522"}],"curies":[{"name":"wp","href":"https:\/\/api.w.org\/{rel}","templated":true}]}}