{"id":574,"date":"2020-06-28T16:19:26","date_gmt":"2020-06-28T16:19:26","guid":{"rendered":"http:\/\/www.stojanovic-hydro.com\/?page_id=574"},"modified":"2020-06-29T19:55:39","modified_gmt":"2020-06-29T19:55:39","slug":"sliv-reke-drine","status":"publish","type":"page","link":"http:\/\/www.stojanovic-hydro.com\/sr\/sliv-reke-drine\/","title":{"rendered":"Postoje\u0107e hidroelektrane u slivu reke Drine"},"content":{"rendered":"\n<p>Postoje\u0107e hidroelektrane u slivu reke Drine su:<\/p>\n\n\n\n<ul class=\"wp-block-list\"><li><a href=\"http:\/\/www.stojanovic-hydro.com\/bajina-basta-hpp\/\">HE Bajina Ba\u0161ta (Republika Srbija)<\/a><\/li><li><a href=\"http:\/\/www.stojanovic-hydro.com\/he-piva\/\">HE Piva (Crna Gora)<\/a><\/li><li><a href=\"http:\/\/www.stojanovic-hydro.com\/he-zvornik\/\">HE Zvornik (Republika Srbija)<\/a><\/li><li><a href=\"http:\/\/www.stojanovic-hydro.com\/visegrad-hpp\/\">HE Vi\u0161egrad (Republika Srpska (BiH) )<\/a><\/li><\/ul>\n\n\n\n<p><\/p>\n","protected":false},"excerpt":{"rendered":"<p>Postoje\u0107e hidroelektrane u slivu reke Drine su: HE Bajina Ba\u0161ta (Republika Srbija) HE Piva (Crna Gora) HE Zvornik (Republika Srbija) HE Vi\u0161egrad (Republika Srpska (BiH) )<\/p>\n","protected":false},"author":3,"featured_media":0,"parent":0,"menu_order":0,"comment_status":"closed","ping_status":"closed","template":"","meta":{"footnotes":""},"class_list":["post-574","page","type-page","status-publish","hentry"],"_links":{"self":[{"href":"http:\/\/www.stojanovic-hydro.com\/sr\/wp-json\/wp\/v2\/pages\/574","targetHints":{"allow":["GET"]}}],"collection":[{"href":"http:\/\/www.stojanovic-hydro.com\/sr\/wp-json\/wp\/v2\/pages"}],"about":[{"href":"http:\/\/www.stojanovic-hydro.com\/sr\/wp-json\/wp\/v2\/types\/page"}],"author":[{"embeddable":true,"href":"http:\/\/www.stojanovic-hydro.com\/sr\/wp-json\/wp\/v2\/users\/3"}],"replies":[{"embeddable":true,"href":"http:\/\/www.stojanovic-hydro.com\/sr\/wp-json\/wp\/v2\/comments?post=574"}],"version-history":[{"count":7,"href":"http:\/\/www.stojanovic-hydro.com\/sr\/wp-json\/wp\/v2\/pages\/574\/revisions"}],"predecessor-version":[{"id":733,"href":"http:\/\/www.stojanovic-hydro.com\/sr\/wp-json\/wp\/v2\/pages\/574\/revisions\/733"}],"wp:attachment":[{"href":"http:\/\/www.stojanovic-hydro.com\/sr\/wp-json\/wp\/v2\/media?parent=574"}],"curies":[{"name":"wp","href":"https:\/\/api.w.org\/{rel}","templated":true}]}}