{"id":700,"date":"2020-06-29T19:38:14","date_gmt":"2020-06-29T19:38:14","guid":{"rendered":"http:\/\/www.stojanovic-hydro.com\/?page_id=700"},"modified":"2020-07-01T11:05:18","modified_gmt":"2020-07-01T11:05:18","slug":"potpec-hpp","status":"publish","type":"page","link":"http:\/\/www.stojanovic-hydro.com\/sr\/potpec-hpp\/","title":{"rendered":"HE Potpe\u0107"},"content":{"rendered":"\n<p>Brana \u201ePotpe\u0107\u201c nalazi se na reci Lim. Izgra\u0111ena je 1967. godine. Povr\u0161ina njenog sliva iznosi 3.605 km<sup>2<\/sup>. Prose\u010dni proticaj rekom iznosi 77,6 m<sup>3<\/sup>\/s.<\/p>\n\n\n\n<p>Brana \u201ePotpe\u0107\u201c je betonska gravitaciona brana, visine 46 m i du\u017eine 218 m. U srednjem delu brane nalaze se tri prelivna polja. Prelivi sa ustavama imaju kapacitet od 3.000 m<sup>3<\/sup>\/s. Disipacija energije vr\u0161i se slapi\u0161tem koji se nalazi nizvodno od preliva. Dva temeljna ispusta imaju ukupan kapacitet od 240 m<sup>3<\/sup>\/s.<\/p>\n\n\n\n<p>Ma\u0161inska zgrada se nalazi unutar tela brane, pored preliva. Ugra\u0111ena su tri proizvodna agregata.<\/p>\n\n\n\n<p>Minimalni odr\u017eivi (garantovani) protok iznosi 12 m<sup>3<\/sup>\/s.<\/p>\n\n\n\n<p>Prethodna studija izvodljivosti pove\u0107anja snage proizvodnih agregata zavr\u0161ena je 2010. godine. Ona je obuhvatila i dodatnu HE za ispu\u0161tanje minimalnog odr\u017eivog (garantovanog) protoka. Idejni projekat za revitalizaciju zavr\u0161en je 2012. godine. Najva\u017enije karakteristike HE \u201ePotpe\u0107\u201c sa branom i drugih prate\u0107ih objekata su slede\u0107e:<\/p>\n\n\n\n<ul class=\"wp-block-list\"><li>akumulacija:<\/li><\/ul>\n\n\n\n<figure class=\"wp-block-table\"><table><tbody><tr><td>ukupna zapremina<\/td><td>27,5 Mm<sup>3<\/sup><\/td><\/tr><tr><td>aktivna zapremina<\/td><td>198 Mm<sup>3<\/sup><\/td><\/tr><tr><td>kota maksimalnog uspora<\/td><td>437,0 mnm<\/td><\/tr><tr><td>kota normalnog uspora<\/td><td>435,6 mnm<\/td><\/tr><tr><td>minimalni radni nivo<\/td><td>423,6 mnm<\/td><\/tr><\/tbody><\/table><\/figure>\n\n\n\n<ul class=\"wp-block-list\"><li>brana<\/li><\/ul>\n\n\n\n<figure class=\"wp-block-table\"><table><tbody><tr><td>tip<\/td><td>betonska, gravitaciona<\/td><\/tr><tr><td>kota krune<\/td><td>439,0 mnm<\/td><\/tr><tr><td>visina<\/td><td>46 m<\/td><\/tr><\/tbody><\/table><\/figure>\n\n\n\n<ul class=\"wp-block-list\"><li>HE<\/li><\/ul>\n\n\n\n<figure class=\"wp-block-table\"><table><tbody><tr><td>tip<\/td><td>pribranska<\/td><\/tr><tr><td>maksimalni pad<\/td><td>38,4 m<\/td><\/tr><tr><td>nominalni pad<\/td><td>37,6 m<\/td><\/tr><tr><td>minimalni pad<\/td><td>25,6 m<\/td><\/tr><tr><td>instalisani protok<\/td><td>165,0 m<sup>3<\/sup>\/s<\/td><\/tr><tr><td>instalisana snaga<\/td><td>51 MW<\/td><\/tr><tr><td>srednja godi\u0161nja proizvodnja<\/td><td>300 GWh<\/td><\/tr><tr><td>broj agregata<\/td><td>3<\/td><\/tr><tr><td>tip turbine<\/td><td>Francis<\/td><\/tr><\/tbody><\/table><\/figure>\n\n\n\n<div class=\"wp-block-image\"><figure class=\"aligncenter size-large is-resized\"><img loading=\"lazy\" decoding=\"async\" src=\"http:\/\/www.stojanovic-hydro.com\/wp-content\/uploads\/2020\/06\/HE-Potpec.jpg\" alt=\"\" class=\"wp-image-701\" width=\"589\" height=\"442\" srcset=\"http:\/\/www.stojanovic-hydro.com\/wp-content\/uploads\/2020\/06\/HE-Potpec.jpg 427w, http:\/\/www.stojanovic-hydro.com\/wp-content\/uploads\/2020\/06\/HE-Potpec-300x225.jpg 300w, http:\/\/www.stojanovic-hydro.com\/wp-content\/uploads\/2020\/06\/HE-Potpec-195x146.jpg 195w, http:\/\/www.stojanovic-hydro.com\/wp-content\/uploads\/2020\/06\/HE-Potpec-50x37.jpg 50w, http:\/\/www.stojanovic-hydro.com\/wp-content\/uploads\/2020\/06\/HE-Potpec-100x75.jpg 100w\" sizes=\"auto, (max-width: 589px) 100vw, 589px\" \/><figcaption>Brana i HE Potpe\u0107<\/figcaption><\/figure><\/div>\n\n\n\n<p><strong>Izvor: IWRM Country Report for Serbia, COWI, Stucky and Jaroslav Cerni Water Institute, 2017<\/strong><\/p>\n","protected":false},"excerpt":{"rendered":"<p>Brana \u201ePotpe\u0107\u201c nalazi se na reci Lim. Izgra\u0111ena je 1967. godine. Povr\u0161ina njenog sliva iznosi 3.605 km2. Prose\u010dni proticaj rekom iznosi 77,6 m3\/s. Brana \u201ePotpe\u0107\u201c je betonska gravitaciona brana, visine 46 m i du\u017eine 218 m. U srednjem delu brane nalaze se tri prelivna polja. Prelivi sa ustavama imaju kapacitet od 3.000 m3\/s. Disipacija energije &hellip; <\/p>\n<p class=\"link-more\"><a href=\"http:\/\/www.stojanovic-hydro.com\/sr\/potpec-hpp\/\" class=\"more-link\">\u041d\u0430\u0441\u0442\u0430\u0432\u0438 \u0441\u0430 \u0447\u0438\u0442\u0430\u045a\u0435\u043c<span class=\"screen-reader-text\"> &#8222;HE Potpe\u0107&#8220;<\/span><\/a><\/p>\n","protected":false},"author":3,"featured_media":0,"parent":0,"menu_order":0,"comment_status":"closed","ping_status":"closed","template":"","meta":{"footnotes":""},"class_list":["post-700","page","type-page","status-publish","hentry"],"_links":{"self":[{"href":"http:\/\/www.stojanovic-hydro.com\/sr\/wp-json\/wp\/v2\/pages\/700","targetHints":{"allow":["GET"]}}],"collection":[{"href":"http:\/\/www.stojanovic-hydro.com\/sr\/wp-json\/wp\/v2\/pages"}],"about":[{"href":"http:\/\/www.stojanovic-hydro.com\/sr\/wp-json\/wp\/v2\/types\/page"}],"author":[{"embeddable":true,"href":"http:\/\/www.stojanovic-hydro.com\/sr\/wp-json\/wp\/v2\/users\/3"}],"replies":[{"embeddable":true,"href":"http:\/\/www.stojanovic-hydro.com\/sr\/wp-json\/wp\/v2\/comments?post=700"}],"version-history":[{"count":5,"href":"http:\/\/www.stojanovic-hydro.com\/sr\/wp-json\/wp\/v2\/pages\/700\/revisions"}],"predecessor-version":[{"id":1230,"href":"http:\/\/www.stojanovic-hydro.com\/sr\/wp-json\/wp\/v2\/pages\/700\/revisions\/1230"}],"wp:attachment":[{"href":"http:\/\/www.stojanovic-hydro.com\/sr\/wp-json\/wp\/v2\/media?parent=700"}],"curies":[{"name":"wp","href":"https:\/\/api.w.org\/{rel}","templated":true}]}}