{"id":720,"date":"2020-06-29T19:47:41","date_gmt":"2020-06-29T19:47:41","guid":{"rendered":"http:\/\/www.stojanovic-hydro.com\/?page_id=720"},"modified":"2020-07-01T09:07:45","modified_gmt":"2020-07-01T09:07:45","slug":"buduci-projekti-u-republici-srpskoj-bih","status":"publish","type":"page","link":"http:\/\/www.stojanovic-hydro.com\/sr\/buduci-projekti-u-republici-srpskoj-bih\/","title":{"rendered":"Budu\u0107i projekti u Republici Srpskoj (BiH)"},"content":{"rendered":"\n<p>Budu\u0107i projekti u Republici Srpskoj (BiH) su:<\/p>\n\n\n\n<ul class=\"wp-block-list\"><li><a href=\"http:\/\/www.stojanovic-hydro.com\/he-buk-bijela\/\">HE Buk Bijela<\/a><\/li><li><a href=\"http:\/\/www.stojanovic-hydro.com\/he-drina-i\/\">HE Drina I<\/a><\/li><li><a href=\"http:\/\/www.stojanovic-hydro.com\/he-drina-ii\/\">HE Drina II<\/a><\/li><li><a href=\"http:\/\/www.stojanovic-hydro.com\/he-drina-iii\/\">HE Drina III<\/a><\/li><li><a href=\"http:\/\/www.stojanovic-hydro.com\/he-dubravica\/\">HE Dubravica<\/a><\/li><li><a href=\"http:\/\/www.stojanovic-hydro.com\/he-foca\/\">HE Fo\u010da<\/a><\/li><li><a href=\"http:\/\/www.stojanovic-hydro.com\/he-kozluk\/\">HE Kozluk<\/a><\/li><li><a href=\"http:\/\/www.stojanovic-hydro.com\/he-paunci\/\">HE Paunci<\/a><\/li><li><a href=\"http:\/\/www.stojanovic-hydro.com\/he-rogacica\/\">HE Roga\u010dica<\/a><\/li><li><a href=\"http:\/\/www.stojanovic-hydro.com\/tegare-hpp\/\">HE Tegare<\/a><\/li><\/ul>\n\n\n\n<p><\/p>\n","protected":false},"excerpt":{"rendered":"<p>Budu\u0107i projekti u Republici Srpskoj (BiH) su: HE Buk Bijela HE Drina I HE Drina II HE Drina III HE Dubravica HE Fo\u010da HE Kozluk HE Paunci HE Roga\u010dica HE Tegare<\/p>\n","protected":false},"author":3,"featured_media":0,"parent":0,"menu_order":0,"comment_status":"closed","ping_status":"closed","template":"","meta":{"footnotes":""},"class_list":["post-720","page","type-page","status-publish","hentry"],"_links":{"self":[{"href":"http:\/\/www.stojanovic-hydro.com\/sr\/wp-json\/wp\/v2\/pages\/720","targetHints":{"allow":["GET"]}}],"collection":[{"href":"http:\/\/www.stojanovic-hydro.com\/sr\/wp-json\/wp\/v2\/pages"}],"about":[{"href":"http:\/\/www.stojanovic-hydro.com\/sr\/wp-json\/wp\/v2\/types\/page"}],"author":[{"embeddable":true,"href":"http:\/\/www.stojanovic-hydro.com\/sr\/wp-json\/wp\/v2\/users\/3"}],"replies":[{"embeddable":true,"href":"http:\/\/www.stojanovic-hydro.com\/sr\/wp-json\/wp\/v2\/comments?post=720"}],"version-history":[{"count":2,"href":"http:\/\/www.stojanovic-hydro.com\/sr\/wp-json\/wp\/v2\/pages\/720\/revisions"}],"predecessor-version":[{"id":1126,"href":"http:\/\/www.stojanovic-hydro.com\/sr\/wp-json\/wp\/v2\/pages\/720\/revisions\/1126"}],"wp:attachment":[{"href":"http:\/\/www.stojanovic-hydro.com\/sr\/wp-json\/wp\/v2\/media?parent=720"}],"curies":[{"name":"wp","href":"https:\/\/api.w.org\/{rel}","templated":true}]}}