{"id":749,"date":"2020-06-29T20:04:23","date_gmt":"2020-06-29T20:04:23","guid":{"rendered":"http:\/\/www.stojanovic-hydro.com\/?page_id=749"},"modified":"2020-07-01T11:05:51","modified_gmt":"2020-07-01T11:05:51","slug":"he-rogacica","status":"publish","type":"page","link":"http:\/\/www.stojanovic-hydro.com\/sr\/he-rogacica\/","title":{"rendered":"HE Roga\u010dica"},"content":{"rendered":"\n<h4 class=\"wp-block-heading\">Lokacija brane i HE<\/h4>\n\n\n\n<p>Brana i HE planirane su na srednjem delu toka reke Drine, na staciona\u017ei km 173+250. Lokacija pripada op\u0161tini Roga\u010dica; najbli\u017ei grad je Bajina Ba\u0161ta.<\/p>\n\n\n\n<div class=\"wp-block-image\"><figure class=\"aligncenter size-large\"><img loading=\"lazy\" decoding=\"async\" width=\"722\" height=\"1023\" src=\"http:\/\/www.stojanovic-hydro.com\/wp-content\/uploads\/2020\/07\/HE-Rogacica-1.jpg\" alt=\"\" class=\"wp-image-1041\" srcset=\"http:\/\/www.stojanovic-hydro.com\/wp-content\/uploads\/2020\/07\/HE-Rogacica-1.jpg 722w, http:\/\/www.stojanovic-hydro.com\/wp-content\/uploads\/2020\/07\/HE-Rogacica-1-212x300.jpg 212w, http:\/\/www.stojanovic-hydro.com\/wp-content\/uploads\/2020\/07\/HE-Rogacica-1-103x146.jpg 103w, http:\/\/www.stojanovic-hydro.com\/wp-content\/uploads\/2020\/07\/HE-Rogacica-1-35x50.jpg 35w, http:\/\/www.stojanovic-hydro.com\/wp-content\/uploads\/2020\/07\/HE-Rogacica-1-53x75.jpg 53w\" sizes=\"auto, (max-width: 722px) 100vw, 722px\" \/><figcaption>\u0160ira lokacija<\/figcaption><\/figure><\/div>\n\n\n\n<div class=\"wp-block-image\"><figure class=\"aligncenter size-large\"><img loading=\"lazy\" decoding=\"async\" width=\"874\" height=\"619\" src=\"http:\/\/www.stojanovic-hydro.com\/wp-content\/uploads\/2020\/07\/HE-Rogacica-2.jpg\" alt=\"\" class=\"wp-image-1043\" srcset=\"http:\/\/www.stojanovic-hydro.com\/wp-content\/uploads\/2020\/07\/HE-Rogacica-2.jpg 874w, http:\/\/www.stojanovic-hydro.com\/wp-content\/uploads\/2020\/07\/HE-Rogacica-2-300x212.jpg 300w, http:\/\/www.stojanovic-hydro.com\/wp-content\/uploads\/2020\/07\/HE-Rogacica-2-768x544.jpg 768w, http:\/\/www.stojanovic-hydro.com\/wp-content\/uploads\/2020\/07\/HE-Rogacica-2-206x146.jpg 206w, http:\/\/www.stojanovic-hydro.com\/wp-content\/uploads\/2020\/07\/HE-Rogacica-2-50x35.jpg 50w, http:\/\/www.stojanovic-hydro.com\/wp-content\/uploads\/2020\/07\/HE-Rogacica-2-106x75.jpg 106w\" sizes=\"auto, (max-width: 767px) 89vw, (max-width: 1000px) 54vw, (max-width: 1071px) 543px, 580px\" \/><figcaption>U\u017ea lokacija<\/figcaption><\/figure><\/div>\n\n\n\n<div class=\"wp-block-image\"><figure class=\"aligncenter size-large\"><img loading=\"lazy\" decoding=\"async\" width=\"1024\" height=\"597\" src=\"http:\/\/www.stojanovic-hydro.com\/wp-content\/uploads\/2020\/07\/HE-Rogacica-3-1024x597.jpg\" alt=\"\" class=\"wp-image-1045\" srcset=\"http:\/\/www.stojanovic-hydro.com\/wp-content\/uploads\/2020\/07\/HE-Rogacica-3-1024x597.jpg 1024w, http:\/\/www.stojanovic-hydro.com\/wp-content\/uploads\/2020\/07\/HE-Rogacica-3-300x175.jpg 300w, http:\/\/www.stojanovic-hydro.com\/wp-content\/uploads\/2020\/07\/HE-Rogacica-3-768x448.jpg 768w, http:\/\/www.stojanovic-hydro.com\/wp-content\/uploads\/2020\/07\/HE-Rogacica-3-251x146.jpg 251w, http:\/\/www.stojanovic-hydro.com\/wp-content\/uploads\/2020\/07\/HE-Rogacica-3-50x29.jpg 50w, http:\/\/www.stojanovic-hydro.com\/wp-content\/uploads\/2020\/07\/HE-Rogacica-3-129x75.jpg 129w, http:\/\/www.stojanovic-hydro.com\/wp-content\/uploads\/2020\/07\/HE-Rogacica-3.jpg 1239w\" sizes=\"auto, (max-width: 767px) 89vw, (max-width: 1000px) 54vw, (max-width: 1071px) 543px, 580px\" \/><figcaption>Satelitski prikaz lokacije HE<\/figcaption><\/figure><\/div>\n\n\n\n<h4 class=\"wp-block-heading\">Hidrolo\u0161ke karakteristike profila iz originalne dokumentacije<\/h4>\n\n\n\n<p>Najva\u017enije hidrolo\u0161ke karakteristike profila (date u originalnoj tehni\u010dkoj dokumentaciji) su:<\/p>\n\n\n\n<ul class=\"wp-block-list\"><li>povr\u0161ina sliva: 15.159 km<sup>2<\/sup>,<\/li><li>srednji proticaj: 330,2 m<sup>3<\/sup>\/s,<\/li><li>minimalni odr\u017eivi (garantovani) protok: 60,5 m<sup>3<\/sup>\/s i<\/li><li>velike vode referentne za projektovanje preliva: 7.175,1 m<sup>3<\/sup>\/s (Q<sub>0,1<\/sub>).<\/li><\/ul>\n\n\n\n<h4 class=\"wp-block-heading\">Karakteristike brane<\/h4>\n\n\n\n<p>Najva\u017enije karakteristike brane su:<\/p>\n\n\n\n<ul class=\"wp-block-list\"><li>tip: gravitaciona, betonska,<\/li><li>kota krune: 223,0 mnm,<\/li><li>visina: 42 m (gra\u0111evinska visina),<\/li><li>du\u017eina du\u017e krune: 401 m (betonski deo),<\/li><li>organi za pra\u017enjenje akumulacije: prelivi sa ustavama, 8 polja i<\/li><li>ukupni kapacitet pra\u017enjenja: 9.307 m<sup>3<\/sup>\/s (8 polja), 7.829 m<sup>3<\/sup>\/s (7 polja).<\/li><\/ul>\n\n\n\n<h4 class=\"wp-block-heading\">Karakteristike akumulacije<\/h4>\n\n\n\n<p>Najva\u017enije karakteristike akumulacije su:<\/p>\n\n\n\n<ul class=\"wp-block-list\"><li>kota normalnog uspora: 220,0 mnm,<\/li><li>kota maksimalnog uspora: 220,0 mnm,<\/li><li>minimalni radni nivo: 218,0 mnm,<\/li><li>ukupna zapremina: nije odre\u0111ena, zanemarljiva,<\/li><li>korisna zapremina: nije odre\u0111ena, zanemarljiva i<\/li><li>povr\u0161ina: 5,82 km<sup>2<\/sup>.<\/li><\/ul>\n\n\n\n<h4 class=\"wp-block-heading\">Karakteristike voda<\/h4>\n\n\n\n<p>Postrojenje je pribranskog tipa.<\/p>\n\n\n\n<h4 class=\"wp-block-heading\">Karakteristike HE\/ma\u0161inske zgrade<\/h4>\n\n\n\n<p>Najva\u017enije karakteristike HE\/ma\u0161inske zgrade su:<\/p>\n\n\n\n<ul class=\"wp-block-list\"><li>tip: pribranska,<\/li><li>tip agregata: aksijalni (kapsulni), sa dvostrukom regulacijom,<\/li><li>broj agregata: 4,<\/li><li>instalisani protok: 4 x 200 = 800 m<sup>3<\/sup>\/s,<\/li><li>minimalni protok agregata: 50 m<sup>3<\/sup>\/s (svaki od agregata mo\u017ee da ispu\u0161ta minimalni odr\u017eivi (garantovani) protok),<\/li><li>nivo donje vode: 203,52 mnm (pri instalisanom protoku, prokopavanje 1,25 m),<\/li><li>bruto pad: 16,48 m,<\/li><li>gubitak pada: 0,4 m,<\/li><li>neto pad: 16,08 m,<\/li><li>instalisana snaga (aktivna): 4 x 28,30 = 113,20 MW,<\/li><li>instalisana snaga (prividna): 4 x 33,00 = 132,00 MW,<\/li><li>srednja godi\u0161nja proizvodnja elektri\u010dne energije: 413 GWh i<\/li><li>naponski nivo za priklju\u010denje: 110 kV.<\/li><\/ul>\n\n\n\n<p>Nominalni protok usvojen je pre svega imaju\u0107i u vidu kapacitet uzvodne HE \u201eBajina Ba\u0161ta\u201c sa revitalizovanim agregatima i mogu\u0107e dodavanje petog agregata, kao i kapacitet nizvodne HE \u201eZvornik\u201c nakon planirane revitalizacije (zamene) agregata i optimizacije sa pove\u0107anjem snage.<\/p>\n\n\n\n<p><strong>Izvor: IWRM Country Report for Serbia, COWI, Stucky and Jaroslav Cerni Water Institute, 2017<\/strong><\/p>\n","protected":false},"excerpt":{"rendered":"<p>Lokacija brane i HE Brana i HE planirane su na srednjem delu toka reke Drine, na staciona\u017ei km 173+250. Lokacija pripada op\u0161tini Roga\u010dica; najbli\u017ei grad je Bajina Ba\u0161ta. Hidrolo\u0161ke karakteristike profila iz originalne dokumentacije Najva\u017enije hidrolo\u0161ke karakteristike profila (date u originalnoj tehni\u010dkoj dokumentaciji) su: povr\u0161ina sliva: 15.159 km2, srednji proticaj: 330,2 m3\/s, minimalni odr\u017eivi (garantovani) &hellip; <\/p>\n<p class=\"link-more\"><a href=\"http:\/\/www.stojanovic-hydro.com\/sr\/he-rogacica\/\" class=\"more-link\">\u041d\u0430\u0441\u0442\u0430\u0432\u0438 \u0441\u0430 \u0447\u0438\u0442\u0430\u045a\u0435\u043c<span class=\"screen-reader-text\"> &#8222;HE Roga\u010dica&#8220;<\/span><\/a><\/p>\n","protected":false},"author":3,"featured_media":0,"parent":0,"menu_order":0,"comment_status":"closed","ping_status":"closed","template":"","meta":{"footnotes":""},"class_list":["post-749","page","type-page","status-publish","hentry"],"_links":{"self":[{"href":"http:\/\/www.stojanovic-hydro.com\/sr\/wp-json\/wp\/v2\/pages\/749","targetHints":{"allow":["GET"]}}],"collection":[{"href":"http:\/\/www.stojanovic-hydro.com\/sr\/wp-json\/wp\/v2\/pages"}],"about":[{"href":"http:\/\/www.stojanovic-hydro.com\/sr\/wp-json\/wp\/v2\/types\/page"}],"author":[{"embeddable":true,"href":"http:\/\/www.stojanovic-hydro.com\/sr\/wp-json\/wp\/v2\/users\/3"}],"replies":[{"embeddable":true,"href":"http:\/\/www.stojanovic-hydro.com\/sr\/wp-json\/wp\/v2\/comments?post=749"}],"version-history":[{"count":3,"href":"http:\/\/www.stojanovic-hydro.com\/sr\/wp-json\/wp\/v2\/pages\/749\/revisions"}],"predecessor-version":[{"id":1231,"href":"http:\/\/www.stojanovic-hydro.com\/sr\/wp-json\/wp\/v2\/pages\/749\/revisions\/1231"}],"wp:attachment":[{"href":"http:\/\/www.stojanovic-hydro.com\/sr\/wp-json\/wp\/v2\/media?parent=749"}],"curies":[{"name":"wp","href":"https:\/\/api.w.org\/{rel}","templated":true}]}}