{"id":793,"date":"2020-06-30T08:13:38","date_gmt":"2020-06-30T08:13:38","guid":{"rendered":"http:\/\/www.stojanovic-hydro.com\/?page_id=793"},"modified":"2020-07-01T10:59:41","modified_gmt":"2020-07-01T10:59:41","slug":"he-krusevo","status":"publish","type":"page","link":"http:\/\/www.stojanovic-hydro.com\/sr\/he-krusevo\/","title":{"rendered":"HE Kru\u0161evo"},"content":{"rendered":"\n<p>HE \u201eKru\u0161evo\u201c planirana je na reci Pivi. Brana HE bi se nalazila u blizini sela Kru\u0161evo, na oko 1.600 m uzvodno od sastava Pive i Tare. Nizvodno od brane vr\u0161ilo bi se prokopavanje korita reke do sastava Pive sa Tarom, kako bi se pove\u0107ao pad.<\/p>\n\n\n\n<div class=\"wp-block-image\"><figure class=\"aligncenter size-large is-resized\"><img loading=\"lazy\" decoding=\"async\" src=\"http:\/\/www.stojanovic-hydro.com\/wp-content\/uploads\/2020\/06\/HE-Krusevo-1.jpg\" alt=\"\" class=\"wp-image-879\" width=\"586\" height=\"560\" srcset=\"http:\/\/www.stojanovic-hydro.com\/wp-content\/uploads\/2020\/06\/HE-Krusevo-1.jpg 356w, http:\/\/www.stojanovic-hydro.com\/wp-content\/uploads\/2020\/06\/HE-Krusevo-1-300x287.jpg 300w, http:\/\/www.stojanovic-hydro.com\/wp-content\/uploads\/2020\/06\/HE-Krusevo-1-153x146.jpg 153w, http:\/\/www.stojanovic-hydro.com\/wp-content\/uploads\/2020\/06\/HE-Krusevo-1-50x48.jpg 50w, http:\/\/www.stojanovic-hydro.com\/wp-content\/uploads\/2020\/06\/HE-Krusevo-1-79x75.jpg 79w\" sizes=\"auto, (max-width: 586px) 100vw, 586px\" \/><figcaption>\u0160ira lokacija HE<\/figcaption><\/figure><\/div>\n\n\n\n<div class=\"wp-block-image\"><figure class=\"aligncenter size-large is-resized\"><img loading=\"lazy\" decoding=\"async\" src=\"http:\/\/www.stojanovic-hydro.com\/wp-content\/uploads\/2020\/06\/HE-Krusevo-2.jpg\" alt=\"\" class=\"wp-image-881\" width=\"586\" height=\"534\" srcset=\"http:\/\/www.stojanovic-hydro.com\/wp-content\/uploads\/2020\/06\/HE-Krusevo-2.jpg 373w, http:\/\/www.stojanovic-hydro.com\/wp-content\/uploads\/2020\/06\/HE-Krusevo-2-300x273.jpg 300w, http:\/\/www.stojanovic-hydro.com\/wp-content\/uploads\/2020\/06\/HE-Krusevo-2-160x146.jpg 160w, http:\/\/www.stojanovic-hydro.com\/wp-content\/uploads\/2020\/06\/HE-Krusevo-2-50x46.jpg 50w, http:\/\/www.stojanovic-hydro.com\/wp-content\/uploads\/2020\/06\/HE-Krusevo-2-82x75.jpg 82w\" sizes=\"auto, (max-width: 586px) 100vw, 586px\" \/><figcaption>U\u017ea lokacija HE<\/figcaption><\/figure><\/div>\n\n\n\n<div class=\"wp-block-image\"><figure class=\"aligncenter size-large is-resized\"><img loading=\"lazy\" decoding=\"async\" src=\"http:\/\/www.stojanovic-hydro.com\/wp-content\/uploads\/2020\/06\/HE-Krusevo-3.jpg\" alt=\"\" class=\"wp-image-883\" width=\"587\" height=\"390\" srcset=\"http:\/\/www.stojanovic-hydro.com\/wp-content\/uploads\/2020\/06\/HE-Krusevo-3.jpg 512w, http:\/\/www.stojanovic-hydro.com\/wp-content\/uploads\/2020\/06\/HE-Krusevo-3-300x199.jpg 300w, http:\/\/www.stojanovic-hydro.com\/wp-content\/uploads\/2020\/06\/HE-Krusevo-3-220x146.jpg 220w, http:\/\/www.stojanovic-hydro.com\/wp-content\/uploads\/2020\/06\/HE-Krusevo-3-50x33.jpg 50w, http:\/\/www.stojanovic-hydro.com\/wp-content\/uploads\/2020\/06\/HE-Krusevo-3-113x75.jpg 113w\" sizes=\"auto, (max-width: 587px) 100vw, 587px\" \/><figcaption>Satelitski prikaz lokacije HE<\/figcaption><\/figure><\/div>\n\n\n\n<ul class=\"wp-block-list\"><li><strong>karakteristike<\/strong><strong> profila<\/strong><\/li><\/ul>\n\n\n\n<p>Najva\u017enije hidrolo\u0161ke karakteristike profila (date u originalnoj tehni\u010dkoj dokumentaciji) su:<\/p>\n\n\n\n<ul class=\"wp-block-list\"><li>povr\u0161ina sliva: 1.843 km<sup>2<\/sup>,<\/li><li>srednji protok: 75,8 m<sup>3<\/sup>\/s (utvr\u0111en za period od 1926. do 1955. godine),<\/li><li>minimalni odr\u017eivi protok: 12 m<sup>3<\/sup>\/s (usvojen na osnovu minimalnog odr\u017eivog protoka HE \u201ePiva\u201c) i,<\/li><li>velika voda merodavna za projektovanje preliva: Q<sub>0,01%<\/sub> = 1.760 m<sup>3<\/sup>\/s (desetohiljadugodi\u0161nja voda).<\/li><\/ul>\n\n\n\n<p><strong>Karakteristike brane<\/strong><\/p>\n\n\n\n<p>Osnovne karakteristike brane su:<\/p>\n\n\n\n<ul class=\"wp-block-list\"><li>tip brane: nasuta \/ betonska gravitaciona,<\/li><li>gra\u0111evinska visina: 64\/68 m,<\/li><li>du\u017eina u kruni: 212\/207 m i<\/li><li>objekti za pra\u017enjenje akumulacije: \u0161ahtni preliv bez zatvara\u010da (1.760 m<sup>3<\/sup>\/s), bo\u010dni preliv sa segmentnim zatvara\u010dem (1.860 m<sup>3<\/sup>\/s) i temeljni ispust (122 m<sup>3<\/sup>\/s).<\/li><\/ul>\n\n\n\n<p>Najva\u017enije karakteristike akumulacije su:<\/p>\n\n\n\n<ul class=\"wp-block-list\"><li>kota normalnog uspora: 495 mnm,<\/li><li>minimalni radni nivo: 475 mnm,<\/li><li>ukupna zapremina: V<sub>uk<\/sub> = 25,4 miliona m<sup>3<\/sup> i<\/li><li>korisna zapremina: V<sub>kor<\/sub> = 18,0 miliona m<sup>3<\/sup>.<\/li><\/ul>\n\n\n\n<p>Postrojenje je pribranskog tipa.<\/p>\n\n\n\n<p>Najva\u017enije karakteristike HE\/ ma\u0161inske zgrade su:<\/p>\n\n\n\n<ul class=\"wp-block-list\"><li>tip postrojenja: pribransko,<\/li><li>tip agregata: Francis sa vertikalnim vratilom,<\/li><li>broj agregata: 2,<\/li><li>instalisani protok: 240 m<sup>3<\/sup>\/s,<\/li><li>nivo donje vode: 438 mnm,<\/li><li>bruto pad: 57 m,<\/li><li>gubitak pada: 1 m,<\/li><li>neto pad: 56 m,<\/li><li>instalisana snaga: 120 MW,<\/li><li>prose\u010dna godi\u0161nja proizvodnja: 321,9 GWh i<\/li><li>broj radnih sati sa punim optere\u0107enjem: 2.670.<\/li><\/ul>\n\n\n\n<p><strong>Izvor: IWRM Country Report for Montenegro, COWI, Stucky and Jaroslav Cerni Water Institute, 2017<\/strong><\/p>\n","protected":false},"excerpt":{"rendered":"<p>HE \u201eKru\u0161evo\u201c planirana je na reci Pivi. Brana HE bi se nalazila u blizini sela Kru\u0161evo, na oko 1.600 m uzvodno od sastava Pive i Tare. Nizvodno od brane vr\u0161ilo bi se prokopavanje korita reke do sastava Pive sa Tarom, kako bi se pove\u0107ao pad. karakteristike profila Najva\u017enije hidrolo\u0161ke karakteristike profila (date u originalnoj tehni\u010dkoj &hellip; <\/p>\n<p class=\"link-more\"><a href=\"http:\/\/www.stojanovic-hydro.com\/sr\/he-krusevo\/\" class=\"more-link\">\u041d\u0430\u0441\u0442\u0430\u0432\u0438 \u0441\u0430 \u0447\u0438\u0442\u0430\u045a\u0435\u043c<span class=\"screen-reader-text\"> &#8222;HE Kru\u0161evo&#8220;<\/span><\/a><\/p>\n","protected":false},"author":3,"featured_media":0,"parent":0,"menu_order":0,"comment_status":"closed","ping_status":"closed","template":"","meta":{"footnotes":""},"class_list":["post-793","page","type-page","status-publish","hentry"],"_links":{"self":[{"href":"http:\/\/www.stojanovic-hydro.com\/sr\/wp-json\/wp\/v2\/pages\/793","targetHints":{"allow":["GET"]}}],"collection":[{"href":"http:\/\/www.stojanovic-hydro.com\/sr\/wp-json\/wp\/v2\/pages"}],"about":[{"href":"http:\/\/www.stojanovic-hydro.com\/sr\/wp-json\/wp\/v2\/types\/page"}],"author":[{"embeddable":true,"href":"http:\/\/www.stojanovic-hydro.com\/sr\/wp-json\/wp\/v2\/users\/3"}],"replies":[{"embeddable":true,"href":"http:\/\/www.stojanovic-hydro.com\/sr\/wp-json\/wp\/v2\/comments?post=793"}],"version-history":[{"count":3,"href":"http:\/\/www.stojanovic-hydro.com\/sr\/wp-json\/wp\/v2\/pages\/793\/revisions"}],"predecessor-version":[{"id":1222,"href":"http:\/\/www.stojanovic-hydro.com\/sr\/wp-json\/wp\/v2\/pages\/793\/revisions\/1222"}],"wp:attachment":[{"href":"http:\/\/www.stojanovic-hydro.com\/sr\/wp-json\/wp\/v2\/media?parent=793"}],"curies":[{"name":"wp","href":"https:\/\/api.w.org\/{rel}","templated":true}]}}