{"id":805,"date":"2020-06-30T08:18:19","date_gmt":"2020-06-30T08:18:19","guid":{"rendered":"http:\/\/www.stojanovic-hydro.com\/?page_id=805"},"modified":"2020-07-01T10:58:33","modified_gmt":"2020-07-01T10:58:33","slug":"he-komarnica","status":"publish","type":"page","link":"http:\/\/www.stojanovic-hydro.com\/sr\/he-komarnica\/","title":{"rendered":"HE Komarnica"},"content":{"rendered":"\n<p>Brana i akumulacija \u201eKomarnica\u201c planirane su u kanjonu du\u017e srednjeg dela toka reke Komarnice, na staciona\u017ei pribli\u017eno km 50+000 (reke Pive) izme\u0111u postoje\u0107e akumulacije \u201ePiva\u201c nizvodno, i kanjona Nevidio i grada \u0160avnika uzvodno. Lokacija se naziva \u201cLonci\u201d i nalazi se u blizini sela Dub. Ona pripada op\u0161tini Dub; najbli\u017ei grad je \u0160avnik.<\/p>\n\n\n\n<div class=\"wp-block-image\"><figure class=\"aligncenter size-large is-resized\"><img loading=\"lazy\" decoding=\"async\" src=\"http:\/\/www.stojanovic-hydro.com\/wp-content\/uploads\/2020\/06\/HE-Komarnica-1.jpg\" alt=\"\" class=\"wp-image-886\" width=\"587\" height=\"523\" srcset=\"http:\/\/www.stojanovic-hydro.com\/wp-content\/uploads\/2020\/06\/HE-Komarnica-1.jpg 432w, http:\/\/www.stojanovic-hydro.com\/wp-content\/uploads\/2020\/06\/HE-Komarnica-1-300x267.jpg 300w, http:\/\/www.stojanovic-hydro.com\/wp-content\/uploads\/2020\/06\/HE-Komarnica-1-164x146.jpg 164w, http:\/\/www.stojanovic-hydro.com\/wp-content\/uploads\/2020\/06\/HE-Komarnica-1-50x45.jpg 50w, http:\/\/www.stojanovic-hydro.com\/wp-content\/uploads\/2020\/06\/HE-Komarnica-1-84x75.jpg 84w\" sizes=\"auto, (max-width: 587px) 100vw, 587px\" \/><figcaption>\u0160ira lokacija HE<\/figcaption><\/figure><\/div>\n\n\n\n<div class=\"wp-block-image\"><figure class=\"aligncenter size-large is-resized\"><img loading=\"lazy\" decoding=\"async\" src=\"http:\/\/www.stojanovic-hydro.com\/wp-content\/uploads\/2020\/06\/Komarnica-HPP-2-1.jpg\" alt=\"\" class=\"wp-image-888\" width=\"586\" height=\"533\" srcset=\"http:\/\/www.stojanovic-hydro.com\/wp-content\/uploads\/2020\/06\/Komarnica-HPP-2-1.jpg 367w, http:\/\/www.stojanovic-hydro.com\/wp-content\/uploads\/2020\/06\/Komarnica-HPP-2-1-300x273.jpg 300w, http:\/\/www.stojanovic-hydro.com\/wp-content\/uploads\/2020\/06\/Komarnica-HPP-2-1-160x146.jpg 160w, http:\/\/www.stojanovic-hydro.com\/wp-content\/uploads\/2020\/06\/Komarnica-HPP-2-1-50x46.jpg 50w, http:\/\/www.stojanovic-hydro.com\/wp-content\/uploads\/2020\/06\/Komarnica-HPP-2-1-82x75.jpg 82w\" sizes=\"auto, (max-width: 586px) 100vw, 586px\" \/><figcaption>U\u017ea lokacija HE<\/figcaption><\/figure><\/div>\n\n\n\n<div class=\"wp-block-image\"><figure class=\"aligncenter size-large is-resized\"><img loading=\"lazy\" decoding=\"async\" src=\"http:\/\/www.stojanovic-hydro.com\/wp-content\/uploads\/2020\/06\/HE-Komarnica-3.jpg\" alt=\"\" class=\"wp-image-890\" width=\"584\" height=\"318\" srcset=\"http:\/\/www.stojanovic-hydro.com\/wp-content\/uploads\/2020\/06\/HE-Komarnica-3.jpg 635w, http:\/\/www.stojanovic-hydro.com\/wp-content\/uploads\/2020\/06\/HE-Komarnica-3-300x164.jpg 300w, http:\/\/www.stojanovic-hydro.com\/wp-content\/uploads\/2020\/06\/HE-Komarnica-3-260x142.jpg 260w, http:\/\/www.stojanovic-hydro.com\/wp-content\/uploads\/2020\/06\/HE-Komarnica-3-50x27.jpg 50w, http:\/\/www.stojanovic-hydro.com\/wp-content\/uploads\/2020\/06\/HE-Komarnica-3-137x75.jpg 137w\" sizes=\"auto, (max-width: 584px) 100vw, 584px\" \/><figcaption>Satelitski snimak lokacije HE<\/figcaption><\/figure><\/div>\n\n\n\n<ul class=\"wp-block-list\"><li><strong>karakteristike<\/strong><strong> profila<\/strong><\/li><\/ul>\n\n\n\n<p>Najva\u017enije hidrolo\u0161ke karakteristike profila (date u originalnoj tehni\u010dkoj dokumentaciji) su:<\/p>\n\n\n\n<ul class=\"wp-block-list\"><li>srednji protok: 21,6 m<sup>3<\/sup>\/s,<\/li><li>minimalni odr\u017eivi protok: 2 m<sup>3<\/sup>\/s (pretpostavljen) i<\/li><li>velike vode referentne za projektovanje preliva: 1.017 m<sup>3<\/sup>\/s (profil \u201e\u0160avnik\u201c) i 1.187 m<sup>3<\/sup>\/s (profil \u201eDub\u201c), oba Q<sub>0,1<\/sub> sa intervalom poverenja od 95%.<\/li><\/ul>\n\n\n\n<p>Najva\u017enije <a>karakteristike<\/a> brane su:<\/p>\n\n\n\n<ul class=\"wp-block-list\"><li>kota krune: 818 mnm,<\/li><li>visina: 176 m (gra\u0111evinska visina),<\/li><li>du\u017eina u kruni: 177 m,<\/li><li>\u0161irina u kruni: 5 m,<\/li><li>objekti za pra\u017enjenje akumulacije: 2 preliva sa ustavama i temeljni ispust i<\/li><li>ukupni kapacitet pra\u017enjenja: 1.576 + 150 (pri 816 mnm) m<sup>3<\/sup>\/s.<\/li><\/ul>\n\n\n\n<p>Najva\u017enije karakteristike akumulacije su:<\/p>\n\n\n\n<ul class=\"wp-block-list\"><li>kota normalnog uspora: 818 mnm,<\/li><li>minimalni radni nivo vode: 760 mnm,<\/li><li>ukupna zapremina: 220 miliona m<sup>3<\/sup>,<\/li><li>korisna zapremina: 160 miliona m<sup>3 <\/sup>i<\/li><li>du\u017eina: oko 16,5 km.<\/li><\/ul>\n\n\n\n<p>Postrojenje (prakti\u010dno) pripada pribranskom tipu.<\/p>\n\n\n\n<p>Najva\u017enije karakteristike HE\/ ma\u0161inske zgrade su:<\/p>\n\n\n\n<ul class=\"wp-block-list\"><li>tip postrojenja: pribransko,<\/li><li>tip agregata: Francis sa vertikalnim vratilom,<\/li><li>broj agregata: 2,<\/li><li>instalisani protok: 2 x 65 = 130 m<sup>3<\/sup>\/s,<\/li><li>nivo donje vode: 663 mnm (pretpostavljen),<\/li><li>bruto pad: 155,0 m,<\/li><li>gubitak pada: 1,6 m,<\/li><li>neto pad: 153,4 m,<\/li><li>instalisana snaga (aktivna): 2 x 85 = 170 MW,<\/li><li>srednja godi\u0161nja proizvodnja elektri\u010dne energije: 232 GWh i<\/li><li>naponski nivo za priklju\u010denje na mre\u017eu: 400 kV.<\/li><\/ul>\n\n\n\n<p><strong>Izvor: IWRM Country Report for Montenegro, COWI, Stucky and Jaroslav Cerni Water Institute, 2017<\/strong><\/p>\n","protected":false},"excerpt":{"rendered":"<p>Brana i akumulacija \u201eKomarnica\u201c planirane su u kanjonu du\u017e srednjeg dela toka reke Komarnice, na staciona\u017ei pribli\u017eno km 50+000 (reke Pive) izme\u0111u postoje\u0107e akumulacije \u201ePiva\u201c nizvodno, i kanjona Nevidio i grada \u0160avnika uzvodno. Lokacija se naziva \u201cLonci\u201d i nalazi se u blizini sela Dub. Ona pripada op\u0161tini Dub; najbli\u017ei grad je \u0160avnik. karakteristike profila Najva\u017enije &hellip; <\/p>\n<p class=\"link-more\"><a href=\"http:\/\/www.stojanovic-hydro.com\/sr\/he-komarnica\/\" class=\"more-link\">\u041d\u0430\u0441\u0442\u0430\u0432\u0438 \u0441\u0430 \u0447\u0438\u0442\u0430\u045a\u0435\u043c<span class=\"screen-reader-text\"> &#8222;HE Komarnica&#8220;<\/span><\/a><\/p>\n","protected":false},"author":3,"featured_media":0,"parent":0,"menu_order":0,"comment_status":"closed","ping_status":"closed","template":"","meta":{"footnotes":""},"class_list":["post-805","page","type-page","status-publish","hentry"],"_links":{"self":[{"href":"http:\/\/www.stojanovic-hydro.com\/sr\/wp-json\/wp\/v2\/pages\/805","targetHints":{"allow":["GET"]}}],"collection":[{"href":"http:\/\/www.stojanovic-hydro.com\/sr\/wp-json\/wp\/v2\/pages"}],"about":[{"href":"http:\/\/www.stojanovic-hydro.com\/sr\/wp-json\/wp\/v2\/types\/page"}],"author":[{"embeddable":true,"href":"http:\/\/www.stojanovic-hydro.com\/sr\/wp-json\/wp\/v2\/users\/3"}],"replies":[{"embeddable":true,"href":"http:\/\/www.stojanovic-hydro.com\/sr\/wp-json\/wp\/v2\/comments?post=805"}],"version-history":[{"count":3,"href":"http:\/\/www.stojanovic-hydro.com\/sr\/wp-json\/wp\/v2\/pages\/805\/revisions"}],"predecessor-version":[{"id":1220,"href":"http:\/\/www.stojanovic-hydro.com\/sr\/wp-json\/wp\/v2\/pages\/805\/revisions\/1220"}],"wp:attachment":[{"href":"http:\/\/www.stojanovic-hydro.com\/sr\/wp-json\/wp\/v2\/media?parent=805"}],"curies":[{"name":"wp","href":"https:\/\/api.w.org\/{rel}","templated":true}]}}