{"id":923,"date":"2020-06-30T11:55:56","date_gmt":"2020-06-30T11:55:56","guid":{"rendered":"http:\/\/www.stojanovic-hydro.com\/?page_id=923"},"modified":"2020-07-01T10:59:02","modified_gmt":"2020-07-01T10:59:02","slug":"he-kozluk","status":"publish","type":"page","link":"http:\/\/www.stojanovic-hydro.com\/sr\/he-kozluk\/","title":{"rendered":"HE Kozluk"},"content":{"rendered":"\n<h4 class=\"wp-block-heading\">Lokacija brane i HE<\/h4>\n\n\n\n<p>Brana i HE \u201eKozluk\u201c planirane su na staciona\u017ei km 60+200, u blizini naselja Kozluk. Lokacija pripada op\u0161tini Kozluk; najbli\u017ei grad je Banja Kovilja\u010da.<\/p>\n\n\n\n<div class=\"wp-block-image\"><figure class=\"aligncenter size-large\"><img loading=\"lazy\" decoding=\"async\" width=\"694\" height=\"982\" src=\"http:\/\/www.stojanovic-hydro.com\/wp-content\/uploads\/2020\/07\/HE-Kozluk-1.jpg\" alt=\"\" class=\"wp-image-1056\" srcset=\"http:\/\/www.stojanovic-hydro.com\/wp-content\/uploads\/2020\/07\/HE-Kozluk-1.jpg 694w, http:\/\/www.stojanovic-hydro.com\/wp-content\/uploads\/2020\/07\/HE-Kozluk-1-212x300.jpg 212w, http:\/\/www.stojanovic-hydro.com\/wp-content\/uploads\/2020\/07\/HE-Kozluk-1-103x146.jpg 103w, http:\/\/www.stojanovic-hydro.com\/wp-content\/uploads\/2020\/07\/HE-Kozluk-1-35x50.jpg 35w, http:\/\/www.stojanovic-hydro.com\/wp-content\/uploads\/2020\/07\/HE-Kozluk-1-53x75.jpg 53w\" sizes=\"auto, (max-width: 694px) 100vw, 694px\" \/><figcaption>\u0160ira lokacija<\/figcaption><\/figure><\/div>\n\n\n\n<div class=\"wp-block-image\"><figure class=\"aligncenter size-large\"><img loading=\"lazy\" decoding=\"async\" width=\"648\" height=\"443\" src=\"http:\/\/www.stojanovic-hydro.com\/wp-content\/uploads\/2020\/07\/HE-Kozluk-2.jpg\" alt=\"\" class=\"wp-image-1058\" srcset=\"http:\/\/www.stojanovic-hydro.com\/wp-content\/uploads\/2020\/07\/HE-Kozluk-2.jpg 648w, http:\/\/www.stojanovic-hydro.com\/wp-content\/uploads\/2020\/07\/HE-Kozluk-2-300x205.jpg 300w, http:\/\/www.stojanovic-hydro.com\/wp-content\/uploads\/2020\/07\/HE-Kozluk-2-214x146.jpg 214w, http:\/\/www.stojanovic-hydro.com\/wp-content\/uploads\/2020\/07\/HE-Kozluk-2-50x34.jpg 50w, http:\/\/www.stojanovic-hydro.com\/wp-content\/uploads\/2020\/07\/HE-Kozluk-2-110x75.jpg 110w\" sizes=\"auto, (max-width: 648px) 100vw, 648px\" \/><figcaption>U\u017ea lokacija<\/figcaption><\/figure><\/div>\n\n\n\n<div class=\"wp-block-image\"><figure class=\"aligncenter size-large\"><img loading=\"lazy\" decoding=\"async\" width=\"1024\" height=\"601\" src=\"http:\/\/www.stojanovic-hydro.com\/wp-content\/uploads\/2020\/07\/HE-Kozluk-3-1024x601.jpg\" alt=\"\" class=\"wp-image-1060\" srcset=\"http:\/\/www.stojanovic-hydro.com\/wp-content\/uploads\/2020\/07\/HE-Kozluk-3-1024x601.jpg 1024w, http:\/\/www.stojanovic-hydro.com\/wp-content\/uploads\/2020\/07\/HE-Kozluk-3-300x176.jpg 300w, http:\/\/www.stojanovic-hydro.com\/wp-content\/uploads\/2020\/07\/HE-Kozluk-3-768x451.jpg 768w, http:\/\/www.stojanovic-hydro.com\/wp-content\/uploads\/2020\/07\/HE-Kozluk-3-249x146.jpg 249w, http:\/\/www.stojanovic-hydro.com\/wp-content\/uploads\/2020\/07\/HE-Kozluk-3-50x29.jpg 50w, http:\/\/www.stojanovic-hydro.com\/wp-content\/uploads\/2020\/07\/HE-Kozluk-3-128x75.jpg 128w, http:\/\/www.stojanovic-hydro.com\/wp-content\/uploads\/2020\/07\/HE-Kozluk-3.jpg 1180w\" sizes=\"auto, (max-width: 767px) 89vw, (max-width: 1000px) 54vw, (max-width: 1071px) 543px, 580px\" \/><figcaption>Satelitski prikaz lokacije HE<\/figcaption><\/figure><\/div>\n\n\n\n<h4 class=\"wp-block-heading\">Hidrolo\u0161ke karakteristike profila iz originalne dokumentacije<\/h4>\n\n\n\n<p>Najva\u017enije hidrolo\u0161ke karakteristike profila (date u originalnoj tehni\u010dkoj dokumentaciji) su:<\/p>\n\n\n\n<ul class=\"wp-block-list\"><li>srednji proticaj: 369 m<sup>3<\/sup>\/s (na profilu HE \u201eZvornik\u201c),<\/li><li>minimalni odr\u017eivi (garantovani) protok:71 m<sup>3<\/sup>\/s (na profilu HE \u201eZvornik\u201c) i<\/li><li>velike vode referentne za projektovanje preliva: 8.000 m<sup>3<\/sup>\/s (Q<sub>0,1<\/sub>).<\/li><\/ul>\n\n\n\n<h4 class=\"wp-block-heading\">Karakteristike brane<\/h4>\n\n\n\n<p>Najva\u017enije karakteristike brane su:<\/p>\n\n\n\n<ul class=\"wp-block-list\"><li>tip: gravitacioni, betonska,<\/li><li>kota krune: 135,6 mnm,<\/li><li>visina: 36,19 m (gra\u0111evinska visina),<\/li><li>du\u017eina du\u017e krune: 282 m,<\/li><li>organi za pra\u017enjenje akumulacije: preliv sa ustavama, 8 polja i<\/li><li>ukupni kapacitet pra\u017enjenja: 8.000 m<sup>3<\/sup>\/s.<\/li><\/ul>\n\n\n\n<h4 class=\"wp-block-heading\">Karakteristike akumulacije<\/h4>\n\n\n\n<p>Najva\u017enije karakteristike akumulacije su:<\/p>\n\n\n\n<ul class=\"wp-block-list\"><li>kota normalnog uspora: 135,0 mnm,<\/li><li>kota maksimalnog uspora: 135,0 mnm,<\/li><li>minimalni radni nivo: 129,5 mnm,<\/li><li>ukupna zapremina: 49,8 miliona m<sup>3<\/sup>,<\/li><li>korisna zapremina: 15,0 miliona m<sup>3<\/sup>,<\/li><li>du\u017eina akumulacije: 19,1 km i<\/li><li>povr\u0161ina: 7,2 km\u00b2.<\/li><\/ul>\n\n\n\n<h4 class=\"wp-block-heading\">Karakteristike dovoda<\/h4>\n\n\n\n<p>Postrojenje je pribranskog tipa.<\/p>\n\n\n\n<h4 class=\"wp-block-heading\">Karakteristike HE\/ma\u0161inske zgrade<\/h4>\n\n\n\n<p>Najva\u017enije karakteristike HE\/ma\u0161inske zgrade su:<\/p>\n\n\n\n<ul class=\"wp-block-list\"><li>tip postrojenja: pribransko,<\/li><li>tip agregata: kapsulni sa horizontalnim vratilom,<\/li><li>broj agregata: 4,<\/li><li>instalisani protok: 800 m<sup>3<\/sup>\/s,<\/li><li>nivo donje vode: 121,70 mnm,<\/li><li>bruto pad: 13,3 m (radni pad),<\/li><li>gubitak pada: 0,4 m,<\/li><li>neto pad: 12,9 m,<\/li><li>instalisana snaga: 93,4 MW i<\/li><li>srednja godi\u0161nja proizvodnja elektri\u010dne energije: 343 GWh.<\/li><\/ul>\n\n\n\n<p>Sada\u0161nji instalisani protok HE \u201eZvornik\u201c iznosi 600 m<sup>3<\/sup>\/s, ali se planira njegovo pove\u0107anje na 800 m<sup>3<\/sup>\/s, kako bi se ovaj deo kaskade uskladio po pitanju protoka. Instalisani protok HE \u201eBajina Ba\u0161ta\u201c mo\u017ee da se promeni tokom procesa revitalizacije i ugradnjom petog agregata.<\/p>\n\n\n\n<p><strong>Izvor: IWRM Country Report for Serbia, COWI, Stucky and Jaroslav Cerni Water Institute, 2017<\/strong><\/p>\n","protected":false},"excerpt":{"rendered":"<p>Lokacija brane i HE Brana i HE \u201eKozluk\u201c planirane su na staciona\u017ei km 60+200, u blizini naselja Kozluk. Lokacija pripada op\u0161tini Kozluk; najbli\u017ei grad je Banja Kovilja\u010da. Hidrolo\u0161ke karakteristike profila iz originalne dokumentacije Najva\u017enije hidrolo\u0161ke karakteristike profila (date u originalnoj tehni\u010dkoj dokumentaciji) su: srednji proticaj: 369 m3\/s (na profilu HE \u201eZvornik\u201c), minimalni odr\u017eivi (garantovani) protok:71 &hellip; <\/p>\n<p class=\"link-more\"><a href=\"http:\/\/www.stojanovic-hydro.com\/sr\/he-kozluk\/\" class=\"more-link\">\u041d\u0430\u0441\u0442\u0430\u0432\u0438 \u0441\u0430 \u0447\u0438\u0442\u0430\u045a\u0435\u043c<span class=\"screen-reader-text\"> &#8222;HE Kozluk&#8220;<\/span><\/a><\/p>\n","protected":false},"author":3,"featured_media":0,"parent":0,"menu_order":0,"comment_status":"closed","ping_status":"closed","template":"","meta":{"footnotes":""},"class_list":["post-923","page","type-page","status-publish","hentry"],"_links":{"self":[{"href":"http:\/\/www.stojanovic-hydro.com\/sr\/wp-json\/wp\/v2\/pages\/923","targetHints":{"allow":["GET"]}}],"collection":[{"href":"http:\/\/www.stojanovic-hydro.com\/sr\/wp-json\/wp\/v2\/pages"}],"about":[{"href":"http:\/\/www.stojanovic-hydro.com\/sr\/wp-json\/wp\/v2\/types\/page"}],"author":[{"embeddable":true,"href":"http:\/\/www.stojanovic-hydro.com\/sr\/wp-json\/wp\/v2\/users\/3"}],"replies":[{"embeddable":true,"href":"http:\/\/www.stojanovic-hydro.com\/sr\/wp-json\/wp\/v2\/comments?post=923"}],"version-history":[{"count":3,"href":"http:\/\/www.stojanovic-hydro.com\/sr\/wp-json\/wp\/v2\/pages\/923\/revisions"}],"predecessor-version":[{"id":1221,"href":"http:\/\/www.stojanovic-hydro.com\/sr\/wp-json\/wp\/v2\/pages\/923\/revisions\/1221"}],"wp:attachment":[{"href":"http:\/\/www.stojanovic-hydro.com\/sr\/wp-json\/wp\/v2\/media?parent=923"}],"curies":[{"name":"wp","href":"https:\/\/api.w.org\/{rel}","templated":true}]}}