{"id":930,"date":"2020-06-30T11:57:37","date_gmt":"2020-06-30T11:57:37","guid":{"rendered":"http:\/\/www.stojanovic-hydro.com\/?page_id=930"},"modified":"2020-07-01T10:52:02","modified_gmt":"2020-07-01T10:52:02","slug":"he-drina-i","status":"publish","type":"page","link":"http:\/\/www.stojanovic-hydro.com\/sr\/he-drina-i\/","title":{"rendered":"HE Drina I"},"content":{"rendered":"\n<h4 class=\"wp-block-heading\">Lokacija brane i HE<\/h4>\n\n\n\n<p>Brana i HE \u201eDrina I\u201c planirane su na reci Drini, na staciona\u017ei km 43+600, u blizini naselja Kozjak. Lokacija pripada op\u0161tini Kozjak; najbli\u017ei grad je Loznica.<\/p>\n\n\n\n<div class=\"wp-block-image\"><figure class=\"aligncenter size-large is-resized\"><img loading=\"lazy\" decoding=\"async\" src=\"http:\/\/www.stojanovic-hydro.com\/wp-content\/uploads\/2020\/07\/HE-Drina-I-1.jpg\" alt=\"\" class=\"wp-image-1063\" width=\"585\" height=\"625\" srcset=\"http:\/\/www.stojanovic-hydro.com\/wp-content\/uploads\/2020\/07\/HE-Drina-I-1.jpg 347w, http:\/\/www.stojanovic-hydro.com\/wp-content\/uploads\/2020\/07\/HE-Drina-I-1-281x300.jpg 281w, http:\/\/www.stojanovic-hydro.com\/wp-content\/uploads\/2020\/07\/HE-Drina-I-1-137x146.jpg 137w, http:\/\/www.stojanovic-hydro.com\/wp-content\/uploads\/2020\/07\/HE-Drina-I-1-47x50.jpg 47w, http:\/\/www.stojanovic-hydro.com\/wp-content\/uploads\/2020\/07\/HE-Drina-I-1-70x75.jpg 70w\" sizes=\"auto, (max-width: 585px) 100vw, 585px\" \/><figcaption>\u0160ira lokacija<\/figcaption><\/figure><\/div>\n\n\n\n<div class=\"wp-block-image\"><figure class=\"aligncenter size-large is-resized\"><img loading=\"lazy\" decoding=\"async\" src=\"http:\/\/www.stojanovic-hydro.com\/wp-content\/uploads\/2020\/07\/HE-Drina-I-2.jpg\" alt=\"\" class=\"wp-image-1065\" width=\"584\" height=\"286\" srcset=\"http:\/\/www.stojanovic-hydro.com\/wp-content\/uploads\/2020\/07\/HE-Drina-I-2.jpg 382w, http:\/\/www.stojanovic-hydro.com\/wp-content\/uploads\/2020\/07\/HE-Drina-I-2-300x147.jpg 300w, http:\/\/www.stojanovic-hydro.com\/wp-content\/uploads\/2020\/07\/HE-Drina-I-2-260x127.jpg 260w, http:\/\/www.stojanovic-hydro.com\/wp-content\/uploads\/2020\/07\/HE-Drina-I-2-50x24.jpg 50w, http:\/\/www.stojanovic-hydro.com\/wp-content\/uploads\/2020\/07\/HE-Drina-I-2-150x73.jpg 150w\" sizes=\"auto, (max-width: 584px) 100vw, 584px\" \/><figcaption>U\u017ea lokacija<\/figcaption><\/figure><\/div>\n\n\n\n<div class=\"wp-block-image\"><figure class=\"aligncenter size-large\"><img loading=\"lazy\" decoding=\"async\" width=\"1024\" height=\"626\" src=\"http:\/\/www.stojanovic-hydro.com\/wp-content\/uploads\/2020\/07\/HE-Drina-I-3-1024x626.jpg\" alt=\"\" class=\"wp-image-1067\" srcset=\"http:\/\/www.stojanovic-hydro.com\/wp-content\/uploads\/2020\/07\/HE-Drina-I-3-1024x626.jpg 1024w, http:\/\/www.stojanovic-hydro.com\/wp-content\/uploads\/2020\/07\/HE-Drina-I-3-300x184.jpg 300w, http:\/\/www.stojanovic-hydro.com\/wp-content\/uploads\/2020\/07\/HE-Drina-I-3-768x470.jpg 768w, http:\/\/www.stojanovic-hydro.com\/wp-content\/uploads\/2020\/07\/HE-Drina-I-3-239x146.jpg 239w, http:\/\/www.stojanovic-hydro.com\/wp-content\/uploads\/2020\/07\/HE-Drina-I-3-50x31.jpg 50w, http:\/\/www.stojanovic-hydro.com\/wp-content\/uploads\/2020\/07\/HE-Drina-I-3-123x75.jpg 123w, http:\/\/www.stojanovic-hydro.com\/wp-content\/uploads\/2020\/07\/HE-Drina-I-3.jpg 1128w\" sizes=\"auto, (max-width: 767px) 89vw, (max-width: 1000px) 54vw, (max-width: 1071px) 543px, 580px\" \/><figcaption>Satelitski prikaz lokacije HE<\/figcaption><\/figure><\/div>\n\n\n\n<h4 class=\"wp-block-heading\">Hidrolo\u0161ke karakteristike profila iz originalne dokumentacije<\/h4>\n\n\n\n<p>Najva\u017enije hidrolo\u0161ke karakteristike profila (date u originalnoj tehni\u010dkoj dokumentaciji) su:<\/p>\n\n\n\n<ul class=\"wp-block-list\"><li>srednji proticaj: 369 m<sup>3<\/sup>\/s (za profil HE \u201eZvornik\u201c) i<\/li><li>minimalni odr\u017eivi (garantovani) protok: 71 m<sup>3<\/sup>\/s (za profil HE \u201eZvornik\u201c, minimalni mese\u010dni proticaj sa 95%-nom obezbe\u0111eno\u0161\u0107u).<\/li><\/ul>\n\n\n\n<h4 class=\"wp-block-heading\">Karakteristike brane<\/h4>\n\n\n\n<p>Najva\u017enije karakteristike brane su:<\/p>\n\n\n\n<ul class=\"wp-block-list\"><li>tip: gravitaciona, betonska,<\/li><li>kota krune: 122,5 mnm,<\/li><li>visina: 28,05 m (gra\u0111evinska visina),<\/li><li>du\u017eina du\u017e krune: 183,4 m,<\/li><li>organi za pra\u017enjenje akumulacije: prelivi sa ustavama, po 4 polja, dodatna 4 polja koja tako\u0111e slu\u017ee kao temeljni ispusti i<\/li><li>ukupni kapacitet pra\u017enjenja: 4.075 m<sup>3<\/sup>\/s.<\/li><\/ul>\n\n\n\n<h4 class=\"wp-block-heading\">Karakteristike akumulacije<\/h4>\n\n\n\n<p>Najva\u017enije karakteristike akumulacije su:<\/p>\n\n\n\n<ul class=\"wp-block-list\"><li>kota normalnog uspora: 121 mnm,<\/li><li>kota maksimalnog uspora: 121 mnm,<\/li><li>du\u017eina akumulacije: 16,6 km i<\/li><li>povr\u0161ina: 14,2 km<sup>2<\/sup>.<\/li><\/ul>\n\n\n\n<h4 class=\"wp-block-heading\">Karakteristike dovoda<\/h4>\n\n\n\n<p>Postrojenje je pribranskog tipa.<\/p>\n\n\n\n<h4 class=\"wp-block-heading\">Karakteristike HE\/ma\u0161inske zgrade<\/h4>\n\n\n\n<p>Najva\u017enije HE\/ma\u0161inske zgrade karakteristike su:<\/p>\n\n\n\n<ul class=\"wp-block-list\"><li>tip postrojenja: pribransko,<\/li><li>tip agregata: kapsulni sa horizontalnim vratilom,<\/li><li>broj agregata: 4,<\/li><li>instalisani protok: 800 m<sup>3<\/sup>\/s,<\/li><li>nivo donje vode: 10,70 m,<\/li><li>bruto pad: 13,3 m (radni pad),<\/li><li>gubitak pada: 0,4 m,<\/li><li>neto pad: 12,9 m,<\/li><li>instalisana snaga: 93,4 MW i<\/li><li>srednja godi\u0161nja proizvodnja elektri\u010dne energije: 343 GWh.<\/li><\/ul>\n\n\n\n<p>Sada\u0161nji instalisani protok HE \u201eZvornik\u201c iznosi 600 m<sup>3<\/sup>\/s, ali se planira njegovo pove\u0107anje na 800 m<sup>3<\/sup>\/s, kako bi se ovaj deo kaskade uskladio po pitanju protoka. Instalisani protok HE \u201eBajina Ba\u0161ta\u201c mo\u017ee da se promeni tokom procesa revitalizacije i ugradnjom petog agregata.<\/p>\n\n\n\n<p><strong>Izvor: IWRM Country Report for Serbia, COWI, Stucky and Jaroslav Cerni Water Institute, 2017<\/strong><\/p>\n","protected":false},"excerpt":{"rendered":"<p>Lokacija brane i HE Brana i HE \u201eDrina I\u201c planirane su na reci Drini, na staciona\u017ei km 43+600, u blizini naselja Kozjak. Lokacija pripada op\u0161tini Kozjak; najbli\u017ei grad je Loznica. Hidrolo\u0161ke karakteristike profila iz originalne dokumentacije Najva\u017enije hidrolo\u0161ke karakteristike profila (date u originalnoj tehni\u010dkoj dokumentaciji) su: srednji proticaj: 369 m3\/s (za profil HE \u201eZvornik\u201c) i &hellip; <\/p>\n<p class=\"link-more\"><a href=\"http:\/\/www.stojanovic-hydro.com\/sr\/he-drina-i\/\" class=\"more-link\">\u041d\u0430\u0441\u0442\u0430\u0432\u0438 \u0441\u0430 \u0447\u0438\u0442\u0430\u045a\u0435\u043c<span class=\"screen-reader-text\"> &#8222;HE Drina I&#8220;<\/span><\/a><\/p>\n","protected":false},"author":3,"featured_media":0,"parent":0,"menu_order":0,"comment_status":"closed","ping_status":"closed","template":"","meta":{"footnotes":""},"class_list":["post-930","page","type-page","status-publish","hentry"],"_links":{"self":[{"href":"http:\/\/www.stojanovic-hydro.com\/sr\/wp-json\/wp\/v2\/pages\/930","targetHints":{"allow":["GET"]}}],"collection":[{"href":"http:\/\/www.stojanovic-hydro.com\/sr\/wp-json\/wp\/v2\/pages"}],"about":[{"href":"http:\/\/www.stojanovic-hydro.com\/sr\/wp-json\/wp\/v2\/types\/page"}],"author":[{"embeddable":true,"href":"http:\/\/www.stojanovic-hydro.com\/sr\/wp-json\/wp\/v2\/users\/3"}],"replies":[{"embeddable":true,"href":"http:\/\/www.stojanovic-hydro.com\/sr\/wp-json\/wp\/v2\/comments?post=930"}],"version-history":[{"count":3,"href":"http:\/\/www.stojanovic-hydro.com\/sr\/wp-json\/wp\/v2\/pages\/930\/revisions"}],"predecessor-version":[{"id":1208,"href":"http:\/\/www.stojanovic-hydro.com\/sr\/wp-json\/wp\/v2\/pages\/930\/revisions\/1208"}],"wp:attachment":[{"href":"http:\/\/www.stojanovic-hydro.com\/sr\/wp-json\/wp\/v2\/media?parent=930"}],"curies":[{"name":"wp","href":"https:\/\/api.w.org\/{rel}","templated":true}]}}