{"id":936,"date":"2020-06-30T11:59:23","date_gmt":"2020-06-30T11:59:23","guid":{"rendered":"http:\/\/www.stojanovic-hydro.com\/?page_id=936"},"modified":"2020-07-01T10:52:32","modified_gmt":"2020-07-01T10:52:32","slug":"he-drina-ii","status":"publish","type":"page","link":"http:\/\/www.stojanovic-hydro.com\/sr\/he-drina-ii\/","title":{"rendered":"HE Drina II"},"content":{"rendered":"\n<h4 class=\"wp-block-heading\">Lokacija brane i HE<\/h4>\n\n\n\n<p>Brana i HE \u201eDrina II\u201c su planirane na reci Drini, na staciona\u017ei km 28+200, u blizini naselja Novo Selo. Lokacija pripada op\u0161tini Novo Selo; najbli\u017ei grad je Bijeljina.<\/p>\n\n\n\n<div class=\"wp-block-image\"><figure class=\"aligncenter size-large\"><img loading=\"lazy\" decoding=\"async\" width=\"601\" height=\"424\" src=\"http:\/\/www.stojanovic-hydro.com\/wp-content\/uploads\/2020\/07\/HE-Drina-II-1.jpg\" alt=\"\" class=\"wp-image-1070\" srcset=\"http:\/\/www.stojanovic-hydro.com\/wp-content\/uploads\/2020\/07\/HE-Drina-II-1.jpg 601w, http:\/\/www.stojanovic-hydro.com\/wp-content\/uploads\/2020\/07\/HE-Drina-II-1-300x212.jpg 300w, http:\/\/www.stojanovic-hydro.com\/wp-content\/uploads\/2020\/07\/HE-Drina-II-1-207x146.jpg 207w, http:\/\/www.stojanovic-hydro.com\/wp-content\/uploads\/2020\/07\/HE-Drina-II-1-50x35.jpg 50w, http:\/\/www.stojanovic-hydro.com\/wp-content\/uploads\/2020\/07\/HE-Drina-II-1-106x75.jpg 106w\" sizes=\"auto, (max-width: 601px) 100vw, 601px\" \/><figcaption>\u0160ira lokacija<\/figcaption><\/figure><\/div>\n\n\n\n<div class=\"wp-block-image\"><figure class=\"aligncenter size-large\"><img loading=\"lazy\" decoding=\"async\" width=\"641\" height=\"335\" src=\"http:\/\/www.stojanovic-hydro.com\/wp-content\/uploads\/2020\/07\/HE-Drina-II-2.jpg\" alt=\"\" class=\"wp-image-1072\" srcset=\"http:\/\/www.stojanovic-hydro.com\/wp-content\/uploads\/2020\/07\/HE-Drina-II-2.jpg 641w, http:\/\/www.stojanovic-hydro.com\/wp-content\/uploads\/2020\/07\/HE-Drina-II-2-300x157.jpg 300w, http:\/\/www.stojanovic-hydro.com\/wp-content\/uploads\/2020\/07\/HE-Drina-II-2-260x136.jpg 260w, http:\/\/www.stojanovic-hydro.com\/wp-content\/uploads\/2020\/07\/HE-Drina-II-2-50x26.jpg 50w, http:\/\/www.stojanovic-hydro.com\/wp-content\/uploads\/2020\/07\/HE-Drina-II-2-144x75.jpg 144w\" sizes=\"auto, (max-width: 641px) 100vw, 641px\" \/><figcaption>U\u017ea lokacija<\/figcaption><\/figure><\/div>\n\n\n\n<div class=\"wp-block-image\"><figure class=\"aligncenter size-large\"><img loading=\"lazy\" decoding=\"async\" width=\"856\" height=\"494\" src=\"http:\/\/www.stojanovic-hydro.com\/wp-content\/uploads\/2020\/07\/HE-Drina-II-3.jpg\" alt=\"\" class=\"wp-image-1075\" srcset=\"http:\/\/www.stojanovic-hydro.com\/wp-content\/uploads\/2020\/07\/HE-Drina-II-3.jpg 856w, http:\/\/www.stojanovic-hydro.com\/wp-content\/uploads\/2020\/07\/HE-Drina-II-3-300x173.jpg 300w, http:\/\/www.stojanovic-hydro.com\/wp-content\/uploads\/2020\/07\/HE-Drina-II-3-768x443.jpg 768w, http:\/\/www.stojanovic-hydro.com\/wp-content\/uploads\/2020\/07\/HE-Drina-II-3-253x146.jpg 253w, http:\/\/www.stojanovic-hydro.com\/wp-content\/uploads\/2020\/07\/HE-Drina-II-3-50x29.jpg 50w, http:\/\/www.stojanovic-hydro.com\/wp-content\/uploads\/2020\/07\/HE-Drina-II-3-130x75.jpg 130w\" sizes=\"auto, (max-width: 767px) 89vw, (max-width: 1000px) 54vw, (max-width: 1071px) 543px, 580px\" \/><figcaption>Satelitski prikaz lokacije HE<\/figcaption><\/figure><\/div>\n\n\n\n<h4 class=\"wp-block-heading\">Hidrolo\u0161ke karakteristike profila iz originalne dokumentacije<\/h4>\n\n\n\n<p>Najva\u017enije hidrolo\u0161ke karakteristike profila (date u originalnoj tehni\u010dkoj dokumentaciji) su:<\/p>\n\n\n\n<ul class=\"wp-block-list\"><li>srednji proticaj: 369 m<sup>3<\/sup>\/s (za profil HE \u201eZvornik\u201c) i<\/li><li>minimalni odr\u017eivi (garantovani) protok: 71 m<sup>3<\/sup>\/s (za profil HE \u201eZvornik\u201c, minimalni mese\u010dni proticaj sa 95%-nom obezbe\u0111eno\u0161\u0107u).<\/li><\/ul>\n\n\n\n<h4 class=\"wp-block-heading\">Karakteristike brane<\/h4>\n\n\n\n<p>Najva\u017enije karakteristike brane su:<\/p>\n\n\n\n<ul class=\"wp-block-list\"><li>tip: gravitaciona, betonska,<\/li><li>kota krune: 108,5 mnm,<\/li><li>visina: 28,05 m (gra\u0111evinska visina),<\/li><li>du\u017eina du\u017e krune: 183,4 m,<\/li><li>organi za pra\u017enjenje akumulacije: prelivi sa ustavama, po 4 polja, dodatna 4 polja koja tako\u0111e slu\u017ee kao temeljni ispusti i<\/li><li>ukupni kapacitet pra\u017enjenja: 4.075 m<sup>3<\/sup>\/s.<\/li><\/ul>\n\n\n\n<h4 class=\"wp-block-heading\">Karakteristike akumulacije<\/h4>\n\n\n\n<p>Najva\u017enije karakteristike akumulacije su:<\/p>\n\n\n\n<ul class=\"wp-block-list\"><li>kota normalnog uspora: 107 mnm,<\/li><li>kota maksimalnog uspora: 107 mnm,<\/li><li>du\u017eina akumulacije: 15,4 km i<\/li><li>povr\u0161ina: 22,8 km<sup>2<\/sup>.<\/li><\/ul>\n\n\n\n<h4 class=\"wp-block-heading\">Karakteristike dovoda<\/h4>\n\n\n\n<p>Postrojenje je pribransko.<\/p>\n\n\n\n<h4 class=\"wp-block-heading\">Karakteristike HE\/ma\u0161inske zgrade<\/h4>\n\n\n\n<p>Najva\u017enije karakteristike HE\/ma\u0161inske zgrade su:<\/p>\n\n\n\n<ul class=\"wp-block-list\"><li>tip postrojenja: pribransko,<\/li><li>tip agregata: kapsulni sa horizontalnim vratilom,<\/li><li>broj agregata: 4,<\/li><li>instalisani protok: 800 m<sup>3<\/sup>\/s,<\/li><li>nivo donje vode: 93,70 m,<\/li><li>bruto pad: 13,3 m (radni pad),<\/li><li>gubitak pada: 0,4 m,<\/li><li>neto pad: 12,9 m,<\/li><li>instalisana snaga: 93,4 MW i<\/li><li>srednja godi\u0161nja proizvodnja elektri\u010dne energije: 343 GWh.<\/li><\/ul>\n\n\n\n<p>Sada\u0161nji instalisani protok HE \u201eZvornik\u201c iznosi 600 m<sup>3<\/sup>\/s, ali se planira njegovo pove\u0107anje na 800 m<sup>3<\/sup>\/s, kako bi se ovaj deo kaskade uskladio po pitanju protoka. Instalisani protok HE \u201eBajina Ba\u0161ta\u201c mo\u017ee da se promeni tokom procesa revitalizacije i ugradnjom petog agregata.<\/p>\n\n\n\n<p><strong>Izvor: IWRM Country Report for Serbia, COWI, Stucky and Jaroslav Cerni Water Institute, 2017<\/strong><\/p>\n","protected":false},"excerpt":{"rendered":"<p>Lokacija brane i HE Brana i HE \u201eDrina II\u201c su planirane na reci Drini, na staciona\u017ei km 28+200, u blizini naselja Novo Selo. Lokacija pripada op\u0161tini Novo Selo; najbli\u017ei grad je Bijeljina. Hidrolo\u0161ke karakteristike profila iz originalne dokumentacije Najva\u017enije hidrolo\u0161ke karakteristike profila (date u originalnoj tehni\u010dkoj dokumentaciji) su: srednji proticaj: 369 m3\/s (za profil HE &hellip; <\/p>\n<p class=\"link-more\"><a href=\"http:\/\/www.stojanovic-hydro.com\/sr\/he-drina-ii\/\" class=\"more-link\">\u041d\u0430\u0441\u0442\u0430\u0432\u0438 \u0441\u0430 \u0447\u0438\u0442\u0430\u045a\u0435\u043c<span class=\"screen-reader-text\"> &#8222;HE Drina II&#8220;<\/span><\/a><\/p>\n","protected":false},"author":3,"featured_media":0,"parent":0,"menu_order":0,"comment_status":"closed","ping_status":"closed","template":"","meta":{"footnotes":""},"class_list":["post-936","page","type-page","status-publish","hentry"],"_links":{"self":[{"href":"http:\/\/www.stojanovic-hydro.com\/sr\/wp-json\/wp\/v2\/pages\/936","targetHints":{"allow":["GET"]}}],"collection":[{"href":"http:\/\/www.stojanovic-hydro.com\/sr\/wp-json\/wp\/v2\/pages"}],"about":[{"href":"http:\/\/www.stojanovic-hydro.com\/sr\/wp-json\/wp\/v2\/types\/page"}],"author":[{"embeddable":true,"href":"http:\/\/www.stojanovic-hydro.com\/sr\/wp-json\/wp\/v2\/users\/3"}],"replies":[{"embeddable":true,"href":"http:\/\/www.stojanovic-hydro.com\/sr\/wp-json\/wp\/v2\/comments?post=936"}],"version-history":[{"count":3,"href":"http:\/\/www.stojanovic-hydro.com\/sr\/wp-json\/wp\/v2\/pages\/936\/revisions"}],"predecessor-version":[{"id":1209,"href":"http:\/\/www.stojanovic-hydro.com\/sr\/wp-json\/wp\/v2\/pages\/936\/revisions\/1209"}],"wp:attachment":[{"href":"http:\/\/www.stojanovic-hydro.com\/sr\/wp-json\/wp\/v2\/media?parent=936"}],"curies":[{"name":"wp","href":"https:\/\/api.w.org\/{rel}","templated":true}]}}